{"id":8871,"date":"2023-03-06T10:40:44","date_gmt":"2023-03-06T10:40:44","guid":{"rendered":"https:\/\/inpack.hu\/product\/szelepmembranok\/"},"modified":"2023-03-09T07:07:23","modified_gmt":"2023-03-09T07:07:23","slug":"szelepmembranok","status":"publish","type":"product","link":"https:\/\/inpack.hu\/en\/product\/szelepmembranok\/","title":{"rendered":"Szelepmembr\u00e1nok"},"content":{"rendered":"","protected":false},"excerpt":{"rendered":"<p>&nbsp;<\/p>\n<p>&nbsp;<\/p>\n<table style=\"border-collapse: collapse; width: 100%;\">\n<tbody>\n<tr>\n<td style=\"width: 69.4052%;\"><strong>Szelepmembr\u00e1nok<\/strong><\/p>\n<ul>\n<li>Minden GOYEN, MECAIR \u00e9s TURBO gy\u00e1rtm\u00e1ny\u00fa sz\u0171r\u0151szelephez<\/li>\n<li>Nagy r\u00e1kt\u00e1rk\u00e9szlet: 3\/4&#8243; \u2013 2&#8243; m\u00e9retek azonnali sz\u00e1ll\u00edt\u00e1ssal<\/li>\n<li>Standard NBR: -40\u00b0C \u2013 +80\u00b0C kivitelben<\/li>\n<li>Magas h\u0151m\u00e9rs\u00e9klet Viton: -30\u00b0C \u2013 +200\u00b0C kivitelben<\/li>\n<\/ul>\n<\/td>\n<td style=\"width: 30.5165%;\"><\/td>\n<\/tr>\n<\/tbody>\n<\/table>\n","protected":false},"featured_media":0,"template":"","meta":[],"product_brand":[],"product_cat":[916],"product_tag":[917,918,919,920,921,922,923,924,925,926,927,928,929,930,931,932,933,934,935,936,937,938,939,940,941,942,943,944,945,946,947,948,949],"class_list":{"0":"post-8871","1":"product","2":"type-product","3":"status-publish","5":"product_cat-dust-filter-technology","6":"product_tag-db112-c-en","7":"product_tag-db112v-s-en","8":"product_tag-db114-c-en","9":"product_tag-db114v-en","10":"product_tag-db116-c-en","11":"product_tag-db120-c-en","12":"product_tag-db14-en","13":"product_tag-db16-g-en","14":"product_tag-db16v-s-en","15":"product_tag-db18-g-en","16":"product_tag-db18-g-sr-en","17":"product_tag-db18-m-g-en","18":"product_tag-db18v-s-en","19":"product_tag-goyen-k2000-en","20":"product_tag-goyen-k2003-en","21":"product_tag-goyen-k2034-en","22":"product_tag-goyen-k2501-en","23":"product_tag-goyen-k2531-en","24":"product_tag-goyen-k2545-en","25":"product_tag-goyen-k4000-en","26":"product_tag-goyen-k4502-en","27":"product_tag-goyen-k5004-en","28":"product_tag-goyen-k514g-en","29":"product_tag-goyen-kd514g0-en","30":"product_tag-goyen-kd516g0-en","31":"product_tag-m20-kit-en","32":"product_tag-m20-kit-viton-en","33":"product_tag-m25-kit-en","34":"product_tag-m25-kit-viton-en","35":"product_tag-m40-kit-en","36":"product_tag-m40-kit-viton-en","37":"product_tag-m55-kit-en","38":"product_tag-m55-kit-viton-en","40":"first","41":"instock","42":"shipping-taxable","43":"product-type-simple"},"_links":{"self":[{"href":"https:\/\/inpack.hu\/en\/wp-json\/wp\/v2\/product\/8871","targetHints":{"allow":["GET"]}}],"collection":[{"href":"https:\/\/inpack.hu\/en\/wp-json\/wp\/v2\/product"}],"about":[{"href":"https:\/\/inpack.hu\/en\/wp-json\/wp\/v2\/types\/product"}],"wp:attachment":[{"href":"https:\/\/inpack.hu\/en\/wp-json\/wp\/v2\/media?parent=8871"}],"wp:term":[{"taxonomy":"product_brand","embeddable":true,"href":"https:\/\/inpack.hu\/en\/wp-json\/wp\/v2\/product_brand?post=8871"},{"taxonomy":"product_cat","embeddable":true,"href":"https:\/\/inpack.hu\/en\/wp-json\/wp\/v2\/product_cat?post=8871"},{"taxonomy":"product_tag","embeddable":true,"href":"https:\/\/inpack.hu\/en\/wp-json\/wp\/v2\/product_tag?post=8871"}],"curies":[{"name":"wp","href":"https:\/\/api.w.org\/{rel}","templated":true}]}}