{"id":8876,"date":"2023-02-23T13:30:18","date_gmt":"2023-02-23T13:30:18","guid":{"rendered":"https:\/\/inpack.hu\/product\/neh-nagyfrekvencias-vibromotor\/"},"modified":"2023-03-10T07:01:02","modified_gmt":"2023-03-10T07:01:02","slug":"neh-nagyfrekvencias-vibromotor","status":"publish","type":"product","link":"https:\/\/inpack.hu\/en\/product\/neh-nagyfrekvencias-vibromotor\/","title":{"rendered":"NEH &#038; NEG nagyfrekvenci\u00e1s vibromotor"},"content":{"rendered":"","protected":false},"excerpt":{"rendered":"<p>&nbsp;<\/p>\n<table style=\"border-collapse: collapse; width: 100%;\">\n<tbody>\n<tr>\n<td style=\"width: 62.9108%;\"><strong>Nagyfrekvenci\u00e1s elektromos vibromotor<\/strong><\/p>\n<ul>\n<li>Anyagt\u00f6m\u00f6r\u00edt\u00e9shez tervezve<\/li>\n<li>Legjobb v\u00e1laszt\u00e1s \u00f6nt\u00f6sablonokhoz<\/li>\n<li>Rozsdamentes ac\u00e9l ellens\u00faly fed\u00e9l<\/li>\n<li>Speci\u00e1lis kialak\u00edt\u00e1s\u00fa NEH h\u00e1z, NVH gyorsr\u00f6gz\u00edt\u0151vel felszerelhet\u0151<\/li>\n<li>Fesz\u00fclts\u00e9g: 42V 200Hz \/250V 200Hz \/400V 100Hz t\u00edpust\u00f3l f\u00fcgg\u0151en<\/li>\n<\/ul>\n<\/td>\n<td style=\"width: 37.0109%;\"><a href=\"https:\/\/inpack.hu\/wp-content\/uploads\/2023\/02\/NEA-NED.pdf\" target=\"_blank\" rel=\"noopener\"><img loading=\"lazy\" decoding=\"async\" class=\"alignnone wp-image-7174\" src=\"https:\/\/inpack.hu\/wp-content\/uploads\/2017\/06\/free-pdf-download-icon-2617-thumb.png\" alt=\"\" width=\"200\" height=\"200\" \/><\/a><\/td>\n<\/tr>\n<\/tbody>\n<\/table>\n","protected":false},"featured_media":0,"template":"","meta":[],"product_brand":[],"product_cat":[950,951],"product_tag":[952,953,954,955,956,957,958,959,960,961,962],"class_list":{"0":"post-8876","1":"product","2":"type-product","3":"status-publish","5":"product_cat-electric-vibrators","6":"product_cat-vibration-technology","7":"product_tag-neg-1001000-en","8":"product_tag-neg-1001140-en","9":"product_tag-neg-1001400-en","10":"product_tag-neg-1001540-en","11":"product_tag-neg-1001800-en","12":"product_tag-neg-1002020-en","13":"product_tag-neg-100770-en","14":"product_tag-neh-1001140-en","15":"product_tag-neh-1001540-en","16":"product_tag-neh-1002020-en","17":"product_tag-neh-100600-en","19":"first","20":"instock","21":"shipping-taxable","22":"product-type-simple"},"_links":{"self":[{"href":"https:\/\/inpack.hu\/en\/wp-json\/wp\/v2\/product\/8876","targetHints":{"allow":["GET"]}}],"collection":[{"href":"https:\/\/inpack.hu\/en\/wp-json\/wp\/v2\/product"}],"about":[{"href":"https:\/\/inpack.hu\/en\/wp-json\/wp\/v2\/types\/product"}],"wp:attachment":[{"href":"https:\/\/inpack.hu\/en\/wp-json\/wp\/v2\/media?parent=8876"}],"wp:term":[{"taxonomy":"product_brand","embeddable":true,"href":"https:\/\/inpack.hu\/en\/wp-json\/wp\/v2\/product_brand?post=8876"},{"taxonomy":"product_cat","embeddable":true,"href":"https:\/\/inpack.hu\/en\/wp-json\/wp\/v2\/product_cat?post=8876"},{"taxonomy":"product_tag","embeddable":true,"href":"https:\/\/inpack.hu\/en\/wp-json\/wp\/v2\/product_tag?post=8876"}],"curies":[{"name":"wp","href":"https:\/\/api.w.org\/{rel}","templated":true}]}}