{"id":9235,"date":"2023-03-28T14:43:11","date_gmt":"2023-03-28T14:43:11","guid":{"rendered":"https:\/\/inpack.hu\/product\/exr-cellas-adagolo\/"},"modified":"2023-04-06T12:35:27","modified_gmt":"2023-04-06T12:35:27","slug":"exr-cellas-adagolo","status":"publish","type":"product","link":"https:\/\/inpack.hu\/ro\/product\/exr-cellas-adagolo\/","title":{"rendered":"Valv\u0103 rotativ\u0103 ExR"},"content":{"rendered":"","protected":false},"excerpt":{"rendered":"<p>&nbsp;<\/p>\n<table style=\"border-collapse: collapse; width: 100%;\">\n<tbody>\n<tr>\n<td style=\"width: 64.3974%;\"><strong>\u00c1tereszt\u0151szelepes, robbans\u00e1biztos cell\u00e1s adagol\u00f3<\/strong><\/p>\n<ul>\n<li>Az \u201eExR\u201d t\u00edpus\u00fa cell\u00e1s adagol\u00f3t kifejezetten nyom\u00e1s k\u00fcl\u00f6nb\u00f6zeti \u00fczemeltet\u00e9shez, t\u0171z \u00e9s robban\u00e1svesz\u00e9lyes k\u00f6rnyezetbe tervezt\u00e9k<\/li>\n<li>Az \u201eExR\u201d adagol\u00f3 1.7 bar ( vulkoll\u00e1n lap\u00e1t\u00e9lel) vagy 2.5 bar (ac\u00e9l lap\u00e1t\u00e9lel) nyom\u00e1sig megfelel az eur\u00f3pai norm\u00e1nak (EN 15089)<\/li>\n<li>\u00d6nt\u00f6ttvas (G25), nikkel- vagy kr\u00f3m bevonattal, ac\u00e9l (Fe37) \u00e9s rozsdamentes ac\u00e9l (AISI304) kivitelben el\u00e9rhet\u0151<\/li>\n<li>Az adagol\u00f3k megfelelnek a CE ATEX 2014\/34\/EU II 1D bels\u0151 \/ II 2D k\u00fcls\u0151 ir\u00e1nyelveknek<\/li>\n<li>Csak direkthajt\u00e1ssal el\u00e9rhet\u0151 (IE3 pr\u00e9mium, CE ATEX II 2 D IP65 T120\u00b0C)<\/li>\n<\/ul>\n<\/td>\n<td style=\"width: 35.5243%;\"><a href=\"https:\/\/inpack.hu\/wp-content\/uploads\/2023\/03\/ExR-valve.pdf\" target=\"_blank\" rel=\"noopener\"><img loading=\"lazy\" decoding=\"async\" class=\"alignnone wp-image-7174\" src=\"https:\/\/inpack.hu\/wp-content\/uploads\/2017\/06\/free-pdf-download-icon-2617-thumb.png\" alt=\"\" width=\"200\" height=\"200\" \/><\/a><\/td>\n<\/tr>\n<\/tbody>\n<\/table>\n","protected":false},"featured_media":0,"template":"","meta":[],"product_brand":[],"product_cat":[985,984],"product_tag":[986,987,988],"class_list":{"0":"post-9235","1":"product","2":"type-product","3":"status-publish","5":"product_cat-valva-rotativa","6":"product_cat-valve-dozatoare","7":"product_tag-exr-150-ro","8":"product_tag-exr-200-ro","9":"product_tag-exr-250-ro","11":"first","12":"instock","13":"shipping-taxable","14":"product-type-simple"},"_links":{"self":[{"href":"https:\/\/inpack.hu\/ro\/wp-json\/wp\/v2\/product\/9235","targetHints":{"allow":["GET"]}}],"collection":[{"href":"https:\/\/inpack.hu\/ro\/wp-json\/wp\/v2\/product"}],"about":[{"href":"https:\/\/inpack.hu\/ro\/wp-json\/wp\/v2\/types\/product"}],"wp:attachment":[{"href":"https:\/\/inpack.hu\/ro\/wp-json\/wp\/v2\/media?parent=9235"}],"wp:term":[{"taxonomy":"product_brand","embeddable":true,"href":"https:\/\/inpack.hu\/ro\/wp-json\/wp\/v2\/product_brand?post=9235"},{"taxonomy":"product_cat","embeddable":true,"href":"https:\/\/inpack.hu\/ro\/wp-json\/wp\/v2\/product_cat?post=9235"},{"taxonomy":"product_tag","embeddable":true,"href":"https:\/\/inpack.hu\/ro\/wp-json\/wp\/v2\/product_tag?post=9235"}],"curies":[{"name":"wp","href":"https:\/\/api.w.org\/{rel}","templated":true}]}}