{"id":9236,"date":"2023-03-28T13:49:28","date_gmt":"2023-03-28T13:49:28","guid":{"rendered":"https:\/\/inpack.hu\/product\/rs-ex-cellas-adagolo\/"},"modified":"2023-06-12T15:31:42","modified_gmt":"2023-06-12T15:31:42","slug":"rs-ex-cellas-adagolo","status":"publish","type":"product","link":"https:\/\/inpack.hu\/ro\/product\/rs-ex-cellas-adagolo\/","title":{"rendered":"Valve rotative RS\/ex"},"content":{"rendered":"","protected":false},"excerpt":{"rendered":"<p>&nbsp;<\/p>\n<table style=\"border-collapse: collapse; width: 100%;\">\n<tbody>\n<tr>\n<td style=\"width: 64.3974%;\"><strong>Valve rotative cu c\u0103dere liber\u0103 ATEX<\/strong><\/p>\n<ul>\n<li>Versiunea ATEX valvei rotative \u201eRS\u201d<\/li>\n<li>Valva rotativ\u0103 \u201eRS\/ex\u201d respect\u0103 standardul european (EN 15089) p\u00e2n\u0103 la o presiune de <strong>10 bar<\/strong><\/li>\n<li>Caracas\u0103 disponibil \u00een font\u0103, font\u0103 tratat cu nichel\/crom sau o\u021bel inoxidabil (AISI304 \/AISI316)<\/li>\n<li>Valva rotativ\u0103 respect\u0103 directivele CE ATEX 2014\/34\/EU II 1D interne \/ II 2DG externe<\/li>\n<li>Ac\u021bionarea cu transmisei direct\u0103 sau lan\u021b, cu motor IE3 premium, protejat CE ATEX II 3 D\/G IP65 T120\u00b0C sau CE ATEX II 2 D IP65 T120\u00b0C<\/li>\n<\/ul>\n<\/td>\n<td style=\"width: 35.5243%;\"><a href=\"https:\/\/inpack.hu\/wp-content\/uploads\/2023\/03\/RS-ex-valve.pdf\" target=\"_blank\" rel=\"noopener\"><img loading=\"lazy\" decoding=\"async\" class=\"alignnone wp-image-7174\" src=\"https:\/\/inpack.hu\/wp-content\/uploads\/2017\/06\/free-pdf-download-icon-2617-thumb.png\" alt=\"\" width=\"200\" height=\"200\" \/><\/a><\/td>\n<\/tr>\n<\/tbody>\n<\/table>\n","protected":false},"featured_media":0,"template":"","meta":[],"product_brand":[],"product_cat":[985,984],"product_tag":[989,990,991,992,993,994],"class_list":{"0":"post-9236","1":"product","2":"type-product","3":"status-publish","5":"product_cat-valva-rotativa","6":"product_cat-valve-dozatoare","7":"product_tag-rs-ex-180-ro","8":"product_tag-rs-ex-230-ro","9":"product_tag-rs-ex-270-ro","10":"product_tag-rs-ex-300-ro","11":"product_tag-rs-ex-350-ro","12":"product_tag-rs-ex-450-ro","14":"first","15":"instock","16":"shipping-taxable","17":"product-type-simple"},"_links":{"self":[{"href":"https:\/\/inpack.hu\/ro\/wp-json\/wp\/v2\/product\/9236","targetHints":{"allow":["GET"]}}],"collection":[{"href":"https:\/\/inpack.hu\/ro\/wp-json\/wp\/v2\/product"}],"about":[{"href":"https:\/\/inpack.hu\/ro\/wp-json\/wp\/v2\/types\/product"}],"wp:attachment":[{"href":"https:\/\/inpack.hu\/ro\/wp-json\/wp\/v2\/media?parent=9236"}],"wp:term":[{"taxonomy":"product_brand","embeddable":true,"href":"https:\/\/inpack.hu\/ro\/wp-json\/wp\/v2\/product_brand?post=9236"},{"taxonomy":"product_cat","embeddable":true,"href":"https:\/\/inpack.hu\/ro\/wp-json\/wp\/v2\/product_cat?post=9236"},{"taxonomy":"product_tag","embeddable":true,"href":"https:\/\/inpack.hu\/ro\/wp-json\/wp\/v2\/product_tag?post=9236"}],"curies":[{"name":"wp","href":"https:\/\/api.w.org\/{rel}","templated":true}]}}