{"id":9239,"date":"2023-03-28T09:52:38","date_gmt":"2023-03-28T09:52:38","guid":{"rendered":"https:\/\/inpack.hu\/product\/vibroscanner\/"},"modified":"2023-05-08T11:03:22","modified_gmt":"2023-05-08T11:03:22","slug":"vibroscanner","status":"publish","type":"product","link":"https:\/\/inpack.hu\/ro\/product\/vibroscanner\/","title":{"rendered":"Scaner de vibra\u021bii"},"content":{"rendered":"","protected":false},"excerpt":{"rendered":"<p>&nbsp;<\/p>\n<p>&nbsp;<\/p>\n<table style=\"border-collapse: collapse; width: 100%;\">\n<tbody>\n<tr>\n<td style=\"width: 64.1628%;\"><strong>Scaner de vibra\u021bii<\/strong><\/p>\n<ul>\n<li>Pentru m\u0103surarea precis\u0103 a accelera\u021biei, frecven\u021bei \u0219i amplitudinii<\/li>\n<li>VSH &#8211; Unitate portabil\u0103<\/li>\n<li>VSI &#8211; Versiune cu cablu de date, care poate fi \u00eencorporat\u0103 \u00eentr-un panoul de comand\u0103<\/li>\n<li>Managementul profesional al proceselor<\/li>\n<\/ul>\n<\/td>\n<td style=\"width: 35.759%;\"><a href=\"https:\/\/inpack.hu\/wp-content\/uploads\/2023\/03\/VibroScanner_VSI_ENG.pdf\"><img loading=\"lazy\" decoding=\"async\" class=\"alignnone wp-image-7174\" src=\"https:\/\/inpack.hu\/wp-content\/uploads\/2017\/06\/free-pdf-download-icon-2617-thumb.png\" alt=\"\" width=\"200\" height=\"200\" \/><\/a><\/td>\n<\/tr>\n<\/tbody>\n<\/table>\n","protected":false},"featured_media":0,"template":"","meta":[],"product_brand":[],"product_cat":[1000,999],"product_tag":[1831,1004,1005,1006,1007],"class_list":{"0":"post-9239","1":"product","2":"type-product","3":"status-publish","5":"product_cat-componente-anti-vibratie","6":"product_cat-vibratie-industirala","7":"product_tag-scaner-de-vibratii-ro","8":"product_tag-vibroscan-ro","9":"product_tag-vibroscanner-ro","10":"product_tag-vsh-ro","11":"product_tag-vsi-ro","13":"first","14":"instock","15":"shipping-taxable","16":"product-type-simple"},"_links":{"self":[{"href":"https:\/\/inpack.hu\/ro\/wp-json\/wp\/v2\/product\/9239","targetHints":{"allow":["GET"]}}],"collection":[{"href":"https:\/\/inpack.hu\/ro\/wp-json\/wp\/v2\/product"}],"about":[{"href":"https:\/\/inpack.hu\/ro\/wp-json\/wp\/v2\/types\/product"}],"wp:attachment":[{"href":"https:\/\/inpack.hu\/ro\/wp-json\/wp\/v2\/media?parent=9239"}],"wp:term":[{"taxonomy":"product_brand","embeddable":true,"href":"https:\/\/inpack.hu\/ro\/wp-json\/wp\/v2\/product_brand?post=9239"},{"taxonomy":"product_cat","embeddable":true,"href":"https:\/\/inpack.hu\/ro\/wp-json\/wp\/v2\/product_cat?post=9239"},{"taxonomy":"product_tag","embeddable":true,"href":"https:\/\/inpack.hu\/ro\/wp-json\/wp\/v2\/product_tag?post=9239"}],"curies":[{"name":"wp","href":"https:\/\/api.w.org\/{rel}","templated":true}]}}