{"id":9241,"date":"2023-02-23T13:30:18","date_gmt":"2023-02-23T13:30:18","guid":{"rendered":"https:\/\/inpack.hu\/product\/neh-nagyfrekvencias-vibromotor\/"},"modified":"2023-04-12T13:14:41","modified_gmt":"2023-04-12T13:14:41","slug":"neh-nagyfrekvencias-vibromotor","status":"publish","type":"product","link":"https:\/\/inpack.hu\/ro\/product\/neh-nagyfrekvencias-vibromotor\/","title":{"rendered":"Vibromotor de \u00eenalt\u0103 frecven\u021b\u0103 NEH &#038; NEG"},"content":{"rendered":"","protected":false},"excerpt":{"rendered":"<p>&nbsp;<\/p>\n<table style=\"border-collapse: collapse; width: 100%;\">\n<tbody>\n<tr>\n<td style=\"width: 62.9108%;\"><strong>Vibratoare electrice de \u00eenalt\u0103 frecven\u021b\u0103<\/strong><\/p>\n<ul>\n<li>Proiectat pentru compactarea materialelor<\/li>\n<li>Cea mai bun\u0103 alegere pentru turnare \u00een \u015fabloane<\/li>\n<li>Capace de contragreutate din inox<\/li>\n<li>Carcasa NEH special proiecta, poate fi echipat cu fixator rapid\u0103 NVH<\/li>\n<li>Tensiune de alimentare: 42V 200Hz \/250V 200Hz \/400V 100Hz \u00een func\u021bie de tip<\/li>\n<\/ul>\n<\/td>\n<td style=\"width: 37.0109%;\"><a href=\"https:\/\/inpack.hu\/wp-content\/uploads\/2023\/02\/NEA-NED.pdf\" target=\"_blank\" rel=\"noopener\"><img loading=\"lazy\" decoding=\"async\" class=\"alignnone wp-image-7174\" src=\"https:\/\/inpack.hu\/wp-content\/uploads\/2017\/06\/free-pdf-download-icon-2617-thumb.png\" alt=\"\" width=\"200\" height=\"200\" \/><\/a><\/td>\n<\/tr>\n<\/tbody>\n<\/table>\n","protected":false},"featured_media":0,"template":"","meta":[],"product_brand":[],"product_cat":[999,1042],"product_tag":[1043,1044,1045,1046,1047,1048,1049,1050,1051,1052,1053],"class_list":{"0":"post-9241","1":"product","2":"type-product","3":"status-publish","5":"product_cat-vibratie-industirala","6":"product_cat-vibromotoare-electrice","7":"product_tag-neg-1001000-ro","8":"product_tag-neg-1001140-ro","9":"product_tag-neg-1001400-ro","10":"product_tag-neg-1001540-ro","11":"product_tag-neg-1001800-ro","12":"product_tag-neg-1002020-ro","13":"product_tag-neg-100770-ro","14":"product_tag-neh-1001140-ro","15":"product_tag-neh-1001540-ro","16":"product_tag-neh-1002020-ro","17":"product_tag-neh-100600-ro","19":"first","20":"instock","21":"shipping-taxable","22":"product-type-simple"},"_links":{"self":[{"href":"https:\/\/inpack.hu\/ro\/wp-json\/wp\/v2\/product\/9241","targetHints":{"allow":["GET"]}}],"collection":[{"href":"https:\/\/inpack.hu\/ro\/wp-json\/wp\/v2\/product"}],"about":[{"href":"https:\/\/inpack.hu\/ro\/wp-json\/wp\/v2\/types\/product"}],"wp:attachment":[{"href":"https:\/\/inpack.hu\/ro\/wp-json\/wp\/v2\/media?parent=9241"}],"wp:term":[{"taxonomy":"product_brand","embeddable":true,"href":"https:\/\/inpack.hu\/ro\/wp-json\/wp\/v2\/product_brand?post=9241"},{"taxonomy":"product_cat","embeddable":true,"href":"https:\/\/inpack.hu\/ro\/wp-json\/wp\/v2\/product_cat?post=9241"},{"taxonomy":"product_tag","embeddable":true,"href":"https:\/\/inpack.hu\/ro\/wp-json\/wp\/v2\/product_tag?post=9241"}],"curies":[{"name":"wp","href":"https:\/\/api.w.org\/{rel}","templated":true}]}}