{"id":9242,"date":"2023-02-23T11:14:30","date_gmt":"2023-02-23T11:14:30","guid":{"rendered":"https:\/\/inpack.hu\/product\/neg-e\/"},"modified":"2023-04-12T13:12:39","modified_gmt":"2023-04-12T13:12:39","slug":"neg-e","status":"publish","type":"product","link":"https:\/\/inpack.hu\/ro\/product\/neg-e\/","title":{"rendered":"Vibromotor ATEX NEG-E"},"content":{"rendered":"","protected":false},"excerpt":{"rendered":"<p>&nbsp;<\/p>\n<table style=\"border-collapse: collapse; width: 100%;\">\n<tbody>\n<tr>\n<td style=\"width: 63.1761%;\"><strong>Vibratoare electrice trifazate ATEX<\/strong><\/p>\n<ul>\n<li>Tensiune de alimentare: 230\/400V 50\/60Hz<\/li>\n<li>Func\u021bionare f\u0103r\u0103 \u00eentre\u021binere<\/li>\n<li>U\u0219or de cur\u0103\u021bat, suprafa\u021b\u0103 neted\u0103<\/li>\n<li>Capace de contragreutate din inox<\/li>\n<li>Clasa de izolare: F<\/li>\n<li>Protectie (gaz): II 2G Ex e IIC T135\u00b0C &#8211; 200\u00b0C \u00een func\u021bie de tip<\/li>\n<li>Protectie (praf): II 2D Ex e IIIC T115\u00b0C &#8211; 170\u00b0C \u00een func\u021bie de tip<\/li>\n<\/ul>\n<\/td>\n<td style=\"width: 36.6223%;\"><a href=\"https:\/\/inpack.hu\/wp-content\/uploads\/2023\/02\/NEG-E.pdf\" target=\"_blank\" rel=\"noopener\"><img loading=\"lazy\" decoding=\"async\" class=\"alignnone wp-image-7174\" src=\"https:\/\/inpack.hu\/wp-content\/uploads\/2017\/06\/free-pdf-download-icon-2617-thumb.png\" alt=\"\" width=\"200\" height=\"200\" \/><\/a><\/td>\n<\/tr>\n<\/tbody>\n<\/table>\n","protected":false},"featured_media":0,"template":"","meta":[],"product_brand":[],"product_cat":[999,1042],"product_tag":[1054,1055,1056,1057,1058,1059,1060,1061,1062,1063,1064,1065,1066,1067,1068,1069,1070,1071,1072,1073,1074,1075,1077,1078,1080,1082,1083,1084,1085,1086,1087,1088,1089,1090,1091],"class_list":{"0":"post-9242","1":"product","2":"type-product","3":"status-publish","5":"product_cat-vibratie-industirala","6":"product_cat-vibromotoare-electrice","7":"product_tag-neg-12100-e-ro","8":"product_tag-neg-121430-e-ro","9":"product_tag-neg-12180-e-ro","10":"product_tag-neg-122150-e-ro","11":"product_tag-neg-12230-e-ro","12":"product_tag-neg-122920-e-ro","13":"product_tag-neg-123530-e-ro","14":"product_tag-neg-12460-e-ro","15":"product_tag-neg-12640-e-ro","16":"product_tag-neg-12900-e-ro","17":"product_tag-neg-161130-e-ro","18":"product_tag-neg-16190-e-ro","19":"product_tag-neg-162550-e-ro","20":"product_tag-neg-16310-e-ro","21":"product_tag-neg-163820-e-ro","22":"product_tag-neg-16410-e-ro","23":"product_tag-neg-165190-e-ro","24":"product_tag-neg-16810-e-ro","25":"product_tag-neg-251410-e-ro","26":"product_tag-neg-25210-e-ro","27":"product_tag-neg-252370-e-ro","28":"product_tag-neg-253720-e-ro","29":"product_tag-neg-25420-e-ro","30":"product_tag-neg-254900-e-ro","31":"product_tag-neg-25540-e-ro","32":"product_tag-neg-25700-e-ro","33":"product_tag-neg-25930-e-ro","34":"product_tag-neg-501140-e-ro","35":"product_tag-neg-501540-e-ro","36":"product_tag-neg-501800-e-ro","37":"product_tag-neg-502020-e-ro","38":"product_tag-neg-502270-e-ro","39":"product_tag-neg-50300-e-ro","40":"product_tag-neg-50550-e-ro","41":"product_tag-neg-50770-e-ro","43":"first","44":"instock","45":"shipping-taxable","46":"product-type-simple"},"_links":{"self":[{"href":"https:\/\/inpack.hu\/ro\/wp-json\/wp\/v2\/product\/9242","targetHints":{"allow":["GET"]}}],"collection":[{"href":"https:\/\/inpack.hu\/ro\/wp-json\/wp\/v2\/product"}],"about":[{"href":"https:\/\/inpack.hu\/ro\/wp-json\/wp\/v2\/types\/product"}],"wp:attachment":[{"href":"https:\/\/inpack.hu\/ro\/wp-json\/wp\/v2\/media?parent=9242"}],"wp:term":[{"taxonomy":"product_brand","embeddable":true,"href":"https:\/\/inpack.hu\/ro\/wp-json\/wp\/v2\/product_brand?post=9242"},{"taxonomy":"product_cat","embeddable":true,"href":"https:\/\/inpack.hu\/ro\/wp-json\/wp\/v2\/product_cat?post=9242"},{"taxonomy":"product_tag","embeddable":true,"href":"https:\/\/inpack.hu\/ro\/wp-json\/wp\/v2\/product_tag?post=9242"}],"curies":[{"name":"wp","href":"https:\/\/api.w.org\/{rel}","templated":true}]}}