{"id":9243,"date":"2023-02-20T15:23:28","date_gmt":"2023-02-20T15:23:28","guid":{"rendered":"https:\/\/inpack.hu\/product\/nhk\/"},"modified":"2023-04-11T12:36:10","modified_gmt":"2023-04-11T12:36:10","slug":"nhk","status":"publish","type":"product","link":"https:\/\/inpack.hu\/ro\/product\/nhk\/","title":{"rendered":"Ciocane pneumatice NHK"},"content":{"rendered":"","protected":false},"excerpt":{"rendered":"<table style=\"border-collapse: collapse; width: 100%;\">\n<tbody>\n<tr>\n<td style=\"width: 63.928%;\"><strong>Ciocane pneumatice de \u00eenalt\u0103 frecven\u021b\u0103<\/strong><\/p>\n<ul>\n<li>P\u00e2n\u0103 la 50 de ciocnire\/secund\u0103<\/li>\n<li>Compactarea materialelor \u00een vrac<\/li>\n<li>Alegerea perfect\u0103 pentru \u00eendep\u0103rtarea bl\u0103nd\u0103 a calcarului<\/li>\n<\/ul>\n<\/td>\n<td style=\"width: 35.9937%;\"><a href=\"https:\/\/inpack.hu\/wp-content\/uploads\/2023\/02\/NHK25_ENG.pdf\" target=\"_blank\" rel=\"noopener\"><img loading=\"lazy\" decoding=\"async\" class=\"alignnone wp-image-7174\" src=\"https:\/\/inpack.hu\/wp-content\/uploads\/2017\/06\/free-pdf-download-icon-2617-thumb.png\" alt=\"\" width=\"200\" height=\"200\" \/><\/a><\/td>\n<\/tr>\n<\/tbody>\n<\/table>\n","protected":false},"featured_media":0,"template":"","meta":[],"product_brand":[],"product_cat":[1076,999],"product_tag":[1079,1081],"class_list":{"0":"post-9243","1":"product","2":"type-product","3":"status-publish","5":"product_cat-ciocane-pneumatice","6":"product_cat-vibratie-industirala","7":"product_tag-nhk-ro","8":"product_tag-nhk-25-ro","10":"first","11":"instock","12":"shipping-taxable","13":"product-type-simple"},"_links":{"self":[{"href":"https:\/\/inpack.hu\/ro\/wp-json\/wp\/v2\/product\/9243","targetHints":{"allow":["GET"]}}],"collection":[{"href":"https:\/\/inpack.hu\/ro\/wp-json\/wp\/v2\/product"}],"about":[{"href":"https:\/\/inpack.hu\/ro\/wp-json\/wp\/v2\/types\/product"}],"wp:attachment":[{"href":"https:\/\/inpack.hu\/ro\/wp-json\/wp\/v2\/media?parent=9243"}],"wp:term":[{"taxonomy":"product_brand","embeddable":true,"href":"https:\/\/inpack.hu\/ro\/wp-json\/wp\/v2\/product_brand?post=9243"},{"taxonomy":"product_cat","embeddable":true,"href":"https:\/\/inpack.hu\/ro\/wp-json\/wp\/v2\/product_cat?post=9243"},{"taxonomy":"product_tag","embeddable":true,"href":"https:\/\/inpack.hu\/ro\/wp-json\/wp\/v2\/product_tag?post=9243"}],"curies":[{"name":"wp","href":"https:\/\/api.w.org\/{rel}","templated":true}]}}