{"id":9246,"date":"2023-02-17T12:55:18","date_gmt":"2023-02-17T12:55:18","guid":{"rendered":"https:\/\/inpack.hu\/product\/vectordrive\/"},"modified":"2023-06-02T09:14:04","modified_gmt":"2023-06-02T09:14:04","slug":"vectordrive","status":"publish","type":"product","link":"https:\/\/inpack.hu\/ro\/product\/vectordrive\/","title":{"rendered":"Sistem de vibrare cu axe multiple &#8211; VectorDrive"},"content":{"rendered":"","protected":false},"excerpt":{"rendered":"<table style=\"border-collapse: collapse; width: 100%;\">\n<tbody>\n<tr>\n<td style=\"width: 64.0355%;\"><strong>Sistem de vibrare cu axe multiple &#8211; VectorDrive<\/strong><\/p>\n<ul>\n<li>Sisteme vibrante \u00een func\u021bie de nevoi \u0219i dimensiuni individuale<\/li>\n<li>Vibra\u021bii controlate 100% \u00een toate direc\u021biile<\/li>\n<li>Pornire \u0219i oprire f\u0103r\u0103 rezonan\u021b\u0103<\/li>\n<li>Amplitudine reglabil\u0103 \u00een timpul func\u021bion\u0103rii<\/li>\n<li>Frecven\u021b\u0103 reglabil\u0103 \u00een timpul func\u021bion\u0103rii<\/li>\n<li>Accelera\u021bie constant\u0103 chiar \u0219i sub sarcin\u0103 variabil\u0103<\/li>\n<li>Timp de func\u021bionare chiar \u0219i sub 1 secund\u0103!<\/li>\n<\/ul>\n<\/td>\n<td style=\"width: 35.9645%;\"><a href=\"https:\/\/inpack.hu\/wp-content\/uploads\/2023\/02\/VectorDrive_ENG.pdf\"><img loading=\"lazy\" decoding=\"async\" class=\"alignnone wp-image-7174\" src=\"https:\/\/inpack.hu\/wp-content\/uploads\/2017\/06\/free-pdf-download-icon-2617-thumb.png\" alt=\"\" width=\"200\" height=\"200\" \/><\/a><\/td>\n<\/tr>\n<\/tbody>\n<\/table>\n","protected":false},"featured_media":0,"template":"","meta":[],"product_brand":[],"product_cat":[1104],"product_tag":[1105],"class_list":{"0":"post-9246","1":"product","2":"type-product","3":"status-publish","5":"product_cat-mese-vibrante","6":"product_tag-vectordrive-ro","8":"first","9":"instock","10":"shipping-taxable","11":"product-type-simple"},"_links":{"self":[{"href":"https:\/\/inpack.hu\/ro\/wp-json\/wp\/v2\/product\/9246","targetHints":{"allow":["GET"]}}],"collection":[{"href":"https:\/\/inpack.hu\/ro\/wp-json\/wp\/v2\/product"}],"about":[{"href":"https:\/\/inpack.hu\/ro\/wp-json\/wp\/v2\/types\/product"}],"wp:attachment":[{"href":"https:\/\/inpack.hu\/ro\/wp-json\/wp\/v2\/media?parent=9246"}],"wp:term":[{"taxonomy":"product_brand","embeddable":true,"href":"https:\/\/inpack.hu\/ro\/wp-json\/wp\/v2\/product_brand?post=9246"},{"taxonomy":"product_cat","embeddable":true,"href":"https:\/\/inpack.hu\/ro\/wp-json\/wp\/v2\/product_cat?post=9246"},{"taxonomy":"product_tag","embeddable":true,"href":"https:\/\/inpack.hu\/ro\/wp-json\/wp\/v2\/product_tag?post=9246"}],"curies":[{"name":"wp","href":"https:\/\/api.w.org\/{rel}","templated":true}]}}