{"id":9266,"date":"2022-08-25T11:12:21","date_gmt":"2022-08-25T11:12:21","guid":{"rendered":"https:\/\/inpack.hu\/product\/vdm\/"},"modified":"2023-06-05T11:52:30","modified_gmt":"2023-06-05T11:52:30","slug":"vdm","status":"publish","type":"product","link":"https:\/\/inpack.hu\/ro\/product\/vdm\/","title":{"rendered":"Valv\u0103 deviatoare VDM"},"content":{"rendered":"","protected":false},"excerpt":{"rendered":"<p>&nbsp;<\/p>\n<table style=\"border-collapse: collapse; width: 100%;\">\n<tbody>\n<tr>\n<td style=\"width: 64.0845%;\"><strong>Valv\u0103 deviatoare<\/strong><\/p>\n<ul>\n<li>Carcas\u0103 \u0219i deflector din aluminiu<\/li>\n<li>Ac\u021bionare electropneumatica<\/li>\n<li>Echipat cu \u00eentrerup\u0103toare de limit\u0103 \u0219i filtru de aer<\/li>\n<li>Diverse dimensiuni (\u00d848,3 &#8211; 219,1 mm)<\/li>\n<li>\u0218i cu protec\u021bie ATEX 2D\/G sau complet placat cu nichel<\/li>\n<\/ul>\n<\/td>\n<td style=\"width: 35.8373%;\"><a href=\"https:\/\/inpack.hu\/wp-content\/uploads\/2022\/08\/VDM.pdf\" target=\"_blank\" rel=\"noopener\"><img loading=\"lazy\" decoding=\"async\" class=\"alignnone wp-image-7174\" src=\"https:\/\/inpack.hu\/wp-content\/uploads\/2017\/06\/free-pdf-download-icon-2617-thumb.png\" alt=\"\" width=\"200\" height=\"200\" \/><\/a><\/td>\n<\/tr>\n<\/tbody>\n<\/table>\n","protected":false},"featured_media":0,"template":"","meta":[],"product_brand":[],"product_cat":[1127,984],"product_tag":[1176,1177,1178,1179,1180,1181,1182,1183,1184,1185,1186,1187,1188,1189,1190,1191,1192],"class_list":{"0":"post-9266","1":"product","2":"type-product","3":"status-publish","5":"product_cat-valve-deviatoare","6":"product_cat-valve-dozatoare","7":"product_tag-vdm-120-121-ro","8":"product_tag-vdm-120-127-ro","9":"product_tag-vdm-120-133-ro","10":"product_tag-vdm-120-139-7-ro","11":"product_tag-vdm-150-152-ro","12":"product_tag-vdm-150-159-ro","13":"product_tag-vdm-150-168-ro","14":"product_tag-vdm-200-193-7-ro","15":"product_tag-vdm-200-219-ro","16":"product_tag-vdm-65-48-3-ro","17":"product_tag-vdm-65-60-3-ro","18":"product_tag-vdm-65-70-ro","19":"product_tag-vdm-65-76-1-ro","20":"product_tag-vdm-95-101-6-ro","21":"product_tag-vdm-95-114-3-ro","22":"product_tag-vdm-95-80-ro","23":"product_tag-vdm-95-88-9-ro","25":"first","26":"instock","27":"shipping-taxable","28":"product-type-simple"},"_links":{"self":[{"href":"https:\/\/inpack.hu\/ro\/wp-json\/wp\/v2\/product\/9266","targetHints":{"allow":["GET"]}}],"collection":[{"href":"https:\/\/inpack.hu\/ro\/wp-json\/wp\/v2\/product"}],"about":[{"href":"https:\/\/inpack.hu\/ro\/wp-json\/wp\/v2\/types\/product"}],"wp:attachment":[{"href":"https:\/\/inpack.hu\/ro\/wp-json\/wp\/v2\/media?parent=9266"}],"wp:term":[{"taxonomy":"product_brand","embeddable":true,"href":"https:\/\/inpack.hu\/ro\/wp-json\/wp\/v2\/product_brand?post=9266"},{"taxonomy":"product_cat","embeddable":true,"href":"https:\/\/inpack.hu\/ro\/wp-json\/wp\/v2\/product_cat?post=9266"},{"taxonomy":"product_tag","embeddable":true,"href":"https:\/\/inpack.hu\/ro\/wp-json\/wp\/v2\/product_tag?post=9266"}],"curies":[{"name":"wp","href":"https:\/\/api.w.org\/{rel}","templated":true}]}}