{"id":9267,"date":"2022-08-25T11:07:51","date_gmt":"2022-08-25T11:07:51","guid":{"rendered":"https:\/\/inpack.hu\/product\/upr-cellas-adagolo\/"},"modified":"2022-08-25T11:07:51","modified_gmt":"2022-08-25T11:07:51","slug":"upr-cellas-adagolo","status":"publish","type":"product","link":"https:\/\/inpack.hu\/ro\/product\/upr-cellas-adagolo\/","title":{"rendered":"UPR cell\u00e1s adagol\u00f3"},"content":{"rendered":"","protected":false},"excerpt":{"rendered":"<p>&nbsp;<\/p>\n<table style=\"border-collapse: collapse; width: 100%;\">\n<tbody>\n<tr>\n<td style=\"width: 64.3193%;\"><strong>Forg\u00f3szelepes cell\u00e1s adagol\u00f3<\/strong><\/p>\n<ul>\n<li>Szemcs\u00e9s, pelyhes vagy \u0151r\u00f6lt term\u00e9kek adagol\u00e1s\u00e1ra \u00e9s pneumatikus sz\u00e1ll\u00edt\u00e1s\u00e1ra<\/li>\n<li>K\u00f6r karima, UNI PN10 \u00e9s ANSI150 szabv\u00e1ny, neh\u00e9zipari, vegyipari \u00e9s m\u0171anyagipari felhaszn\u00e1ls\u00e1ra<\/li>\n<li>Speci\u00e1lis kialak\u00edt\u00e1s, nagyban cs\u00f6kkenti m\u00e9g a neh\u00e9z anyagok elakad\u00e1s\u00e1t is a lap\u00e1t \u00e9s a h\u00e1z k\u00f6z\u00f6tt<\/li>\n<li>A k\u00fcls\u0151 csap\u00e1gyaknak \u00e9s a PTFE t\u00f6m\u00edtett t\u00f6mszelenc\u00e9nek k\u00f6sz\u00f6nhet\u0151en, tov\u00e1bbi m\u00f3dos\u00edt\u00e1s n\u00e9lk\u00fcl is \u00fczemeltetheti magas h\u0151m\u00e9rs\u00e9kleten<\/li>\n<\/ul>\n<\/td>\n<td style=\"width: 35.6025%;\"><a href=\"https:\/\/inpack.hu\/wp-content\/uploads\/2022\/08\/UPR-valve.pdf\" target=\"_blank\" rel=\"noopener\"><img loading=\"lazy\" decoding=\"async\" class=\"wp-image-7174 alignnone\" src=\"https:\/\/inpack.hu\/wp-content\/uploads\/2017\/06\/free-pdf-download-icon-2617-thumb.png\" alt=\"\" width=\"200\" height=\"200\" \/><\/a><\/td>\n<\/tr>\n<\/tbody>\n<\/table>\n","protected":false},"featured_media":0,"template":"","meta":[],"product_brand":[],"product_cat":[985,984],"product_tag":[1193,1194,1195,1196],"class_list":{"0":"post-9267","1":"product","2":"type-product","3":"status-publish","5":"product_cat-valva-rotativa","6":"product_cat-valve-dozatoare","7":"product_tag-upr-150-ro","8":"product_tag-upr-200-ro","9":"product_tag-upr-250-ro","10":"product_tag-upr-300-ro","12":"first","13":"instock","14":"shipping-taxable","15":"product-type-simple"},"_links":{"self":[{"href":"https:\/\/inpack.hu\/ro\/wp-json\/wp\/v2\/product\/9267","targetHints":{"allow":["GET"]}}],"collection":[{"href":"https:\/\/inpack.hu\/ro\/wp-json\/wp\/v2\/product"}],"about":[{"href":"https:\/\/inpack.hu\/ro\/wp-json\/wp\/v2\/types\/product"}],"wp:attachment":[{"href":"https:\/\/inpack.hu\/ro\/wp-json\/wp\/v2\/media?parent=9267"}],"wp:term":[{"taxonomy":"product_brand","embeddable":true,"href":"https:\/\/inpack.hu\/ro\/wp-json\/wp\/v2\/product_brand?post=9267"},{"taxonomy":"product_cat","embeddable":true,"href":"https:\/\/inpack.hu\/ro\/wp-json\/wp\/v2\/product_cat?post=9267"},{"taxonomy":"product_tag","embeddable":true,"href":"https:\/\/inpack.hu\/ro\/wp-json\/wp\/v2\/product_tag?post=9267"}],"curies":[{"name":"wp","href":"https:\/\/api.w.org\/{rel}","templated":true}]}}