{"id":9268,"date":"2022-08-25T11:03:47","date_gmt":"2022-08-25T11:03:47","guid":{"rendered":"https:\/\/inpack.hu\/product\/sf\/"},"modified":"2023-06-12T15:39:39","modified_gmt":"2023-06-12T15:39:39","slug":"sf","status":"publish","type":"product","link":"https:\/\/inpack.hu\/ro\/product\/sf\/","title":{"rendered":"Valve rotative SF"},"content":{"rendered":"","protected":false},"excerpt":{"rendered":"<p>&nbsp;<\/p>\n<table style=\"border-collapse: collapse; width: 100%;\">\n<tbody>\n<tr>\n<td style=\"width: 64.2409%;\"><strong>Valve rotative cu c\u0103dere liber\u0103 \u0219i suflant\u0103<\/strong><\/p>\n<ul>\n<li>Pentru dozarea \u0219i transportul pneumatic al cerealelor, pulberilor si a tuturor materialelor transportate la presiune joasa\/medie<\/li>\n<li>Admisie p\u0103trat\u0103, chiar \u0219i \u00een dimensiuni individuale<\/li>\n<li>Ac\u021bionare cu transmisei direct\u0103 sau lan\u021b<\/li>\n<li>Caracas\u0103 disponibil \u00een font\u0103, font\u0103 tratat cu nichel\/crom\/teflon sau o\u021bel inoxidabil (AISI304 \/ AISI316)<\/li>\n<li>Rotor disponibil \u00een font\u0103, o\u021bel, o\u021bel inoxidabil (AISI304 \/ AISI316)<\/li>\n<li>Disponibil \u00een versiuni cu vitez\u0103 constant\u0103, vitez\u0103 variabil\u0103 \u0219i cu rulmen\u021bi externe<\/li>\n<li>Disponibil \u0219i versiunea ATEX<\/li>\n<\/ul>\n<\/td>\n<td style=\"width: 35.6809%;\"><a href=\"https:\/\/inpack.hu\/wp-content\/uploads\/2022\/08\/SF_sr_td-valve.pdf\" target=\"_blank\" rel=\"noopener\"><img loading=\"lazy\" decoding=\"async\" class=\"alignnone wp-image-7174\" src=\"https:\/\/inpack.hu\/wp-content\/uploads\/2017\/06\/free-pdf-download-icon-2617-thumb.png\" alt=\"\" width=\"200\" height=\"200\" \/><\/a><\/td>\n<\/tr>\n<\/tbody>\n<\/table>\n","protected":false},"featured_media":0,"template":"","meta":[],"product_brand":[],"product_cat":[985,984],"product_tag":[1197,1198,1199,1200,1201,1202,1203,1204],"class_list":{"0":"post-9268","1":"product","2":"type-product","3":"status-publish","5":"product_cat-valva-rotativa","6":"product_cat-valve-dozatoare","7":"product_tag-sf-150-ro","8":"product_tag-sf-180-ro","9":"product_tag-sf-230-ro","10":"product_tag-sf-270-ro","11":"product_tag-sf-300-ro","12":"product_tag-sf-350-ro","13":"product_tag-sf-450-ro","14":"product_tag-sf-600-ro","16":"first","17":"instock","18":"shipping-taxable","19":"product-type-simple"},"_links":{"self":[{"href":"https:\/\/inpack.hu\/ro\/wp-json\/wp\/v2\/product\/9268","targetHints":{"allow":["GET"]}}],"collection":[{"href":"https:\/\/inpack.hu\/ro\/wp-json\/wp\/v2\/product"}],"about":[{"href":"https:\/\/inpack.hu\/ro\/wp-json\/wp\/v2\/types\/product"}],"wp:attachment":[{"href":"https:\/\/inpack.hu\/ro\/wp-json\/wp\/v2\/media?parent=9268"}],"wp:term":[{"taxonomy":"product_brand","embeddable":true,"href":"https:\/\/inpack.hu\/ro\/wp-json\/wp\/v2\/product_brand?post=9268"},{"taxonomy":"product_cat","embeddable":true,"href":"https:\/\/inpack.hu\/ro\/wp-json\/wp\/v2\/product_cat?post=9268"},{"taxonomy":"product_tag","embeddable":true,"href":"https:\/\/inpack.hu\/ro\/wp-json\/wp\/v2\/product_tag?post=9268"}],"curies":[{"name":"wp","href":"https:\/\/api.w.org\/{rel}","templated":true}]}}