{"id":9270,"date":"2022-08-25T10:55:08","date_gmt":"2022-08-25T10:55:08","guid":{"rendered":"https:\/\/inpack.hu\/product\/vpr\/"},"modified":"2023-06-12T15:48:57","modified_gmt":"2023-06-12T15:48:57","slug":"vpr","status":"publish","type":"product","link":"https:\/\/inpack.hu\/ro\/product\/vpr\/","title":{"rendered":"Valve rotative VPR"},"content":{"rendered":"","protected":false},"excerpt":{"rendered":"<p>&nbsp;<\/p>\n<table style=\"border-collapse: collapse; width: 100%;\">\n<tbody>\n<tr>\n<td style=\"width: 64.1628%;\"><strong>Valve rotative cu c\u0103dere liber\u0103 \u0219i suflant\u0103<\/strong><\/p>\n<ul>\n<li>Pentru dozarea \u0219i transportul pneumatic al cerealelor, pulberilor si a tuturor materialelor transportate la presiune joasa\/medie<\/li>\n<li>Admisie circulara<\/li>\n<li>Ac\u021bionare cu transmisei direct\u0103 sau lan\u021b<\/li>\n<li>Caracas\u0103 disponibil \u00een font\u0103, font\u0103 tratat cu nichel\/crom sau o\u021bel inoxidabil<\/li>\n<li>Rotor disponibil \u00een font\u0103, o\u021bel, o\u021bel inoxidabil<\/li>\n<li>Disponibil \u00een versiuni cu vitez\u0103 constant\u0103, vitez\u0103 variabil\u0103 \u0219i cu rulmen\u021bi externe<\/li>\n<li>Disponibil \u0219i versiunea ATEX<\/li>\n<\/ul>\n<\/td>\n<td style=\"width: 35.759%;\"><a href=\"https:\/\/inpack.hu\/wp-content\/uploads\/2022\/08\/VPR_sr-td-valve.pdf\" target=\"_blank\" rel=\"noopener\"><img loading=\"lazy\" decoding=\"async\" class=\"alignnone wp-image-7174\" src=\"https:\/\/inpack.hu\/wp-content\/uploads\/2017\/06\/free-pdf-download-icon-2617-thumb.png\" alt=\"\" width=\"200\" height=\"200\" \/><\/a><\/td>\n<\/tr>\n<\/tbody>\n<\/table>\n","protected":false},"featured_media":0,"template":"","meta":[],"product_brand":[],"product_cat":[985,984],"product_tag":[1213,1214,1215,1216,1217,1218,1219],"class_list":{"0":"post-9270","1":"product","2":"type-product","3":"status-publish","5":"product_cat-valva-rotativa","6":"product_cat-valve-dozatoare","7":"product_tag-vpr-100-ro","8":"product_tag-vpr-180-ro","9":"product_tag-vpr-230-ro","10":"product_tag-vpr-270-ro","11":"product_tag-vpr-300-ro","12":"product_tag-vpr-350-ro","13":"product_tag-vpr-400-ro","15":"first","16":"instock","17":"shipping-taxable","18":"product-type-simple"},"_links":{"self":[{"href":"https:\/\/inpack.hu\/ro\/wp-json\/wp\/v2\/product\/9270","targetHints":{"allow":["GET"]}}],"collection":[{"href":"https:\/\/inpack.hu\/ro\/wp-json\/wp\/v2\/product"}],"about":[{"href":"https:\/\/inpack.hu\/ro\/wp-json\/wp\/v2\/types\/product"}],"wp:attachment":[{"href":"https:\/\/inpack.hu\/ro\/wp-json\/wp\/v2\/media?parent=9270"}],"wp:term":[{"taxonomy":"product_brand","embeddable":true,"href":"https:\/\/inpack.hu\/ro\/wp-json\/wp\/v2\/product_brand?post=9270"},{"taxonomy":"product_cat","embeddable":true,"href":"https:\/\/inpack.hu\/ro\/wp-json\/wp\/v2\/product_cat?post=9270"},{"taxonomy":"product_tag","embeddable":true,"href":"https:\/\/inpack.hu\/ro\/wp-json\/wp\/v2\/product_tag?post=9270"}],"curies":[{"name":"wp","href":"https:\/\/api.w.org\/{rel}","templated":true}]}}