{"id":9271,"date":"2022-08-25T10:49:37","date_gmt":"2022-08-25T10:49:37","guid":{"rendered":"https:\/\/inpack.hu\/product\/vps\/"},"modified":"2023-06-12T15:49:13","modified_gmt":"2023-06-12T15:49:13","slug":"vps","status":"publish","type":"product","link":"https:\/\/inpack.hu\/ro\/product\/vps\/","title":{"rendered":"Valve rotative VPS"},"content":{"rendered":"","protected":false},"excerpt":{"rendered":"<p>&nbsp;<\/p>\n<table style=\"border-collapse: collapse; width: 100%;\">\n<tbody>\n<tr>\n<td style=\"width: 64.0845%;\"><strong>Valve rotative cu c\u0103dere liber\u0103<\/strong><\/p>\n<ul>\n<li>Pentru distribuirea \u0219i dozarea tuturor tipurilor de cereale \u0219i pulbere<\/li>\n<li>Admisie circulara<\/li>\n<li>Ac\u021bionare cu transmisei direct\u0103 sau lan\u021b<\/li>\n<li>Caracas\u0103 disponibil \u00een font\u0103, font\u0103 tratat cu nichel\/crom sau o\u021bel inoxidabil<\/li>\n<li>Rotor disponibil \u00een font\u0103, o\u021bel, o\u021bel inoxidabil<\/li>\n<li>Disponibil \u00een versiuni cu vitez\u0103 constant\u0103, vitez\u0103 variabil\u0103 \u0219i cu rulmen\u021bi externe<\/li>\n<li>Disponibil \u0219i versiunea ATEX<\/li>\n<\/ul>\n<\/td>\n<td style=\"width: 35.8372%;\"><a href=\"https:\/\/inpack.hu\/wp-content\/uploads\/2022\/08\/VPS_sr-td-valve.pdf\" target=\"_blank\" rel=\"noopener\"><img loading=\"lazy\" decoding=\"async\" class=\"alignnone wp-image-7174\" src=\"https:\/\/inpack.hu\/wp-content\/uploads\/2017\/06\/free-pdf-download-icon-2617-thumb.png\" alt=\"\" width=\"200\" height=\"200\" \/><\/a><\/td>\n<\/tr>\n<\/tbody>\n<\/table>\n","protected":false},"featured_media":0,"template":"","meta":[],"product_brand":[],"product_cat":[985,984],"product_tag":[1220,1221,1222,1223,1224,1225],"class_list":{"0":"post-9271","1":"product","2":"type-product","3":"status-publish","5":"product_cat-valva-rotativa","6":"product_cat-valve-dozatoare","7":"product_tag-vps-180-ro","8":"product_tag-vps-230-ro","9":"product_tag-vps-270-ro","10":"product_tag-vps-300-ro","11":"product_tag-vps-350-ro","12":"product_tag-vps-400-ro","14":"first","15":"instock","16":"shipping-taxable","17":"product-type-simple"},"_links":{"self":[{"href":"https:\/\/inpack.hu\/ro\/wp-json\/wp\/v2\/product\/9271","targetHints":{"allow":["GET"]}}],"collection":[{"href":"https:\/\/inpack.hu\/ro\/wp-json\/wp\/v2\/product"}],"about":[{"href":"https:\/\/inpack.hu\/ro\/wp-json\/wp\/v2\/types\/product"}],"wp:attachment":[{"href":"https:\/\/inpack.hu\/ro\/wp-json\/wp\/v2\/media?parent=9271"}],"wp:term":[{"taxonomy":"product_brand","embeddable":true,"href":"https:\/\/inpack.hu\/ro\/wp-json\/wp\/v2\/product_brand?post=9271"},{"taxonomy":"product_cat","embeddable":true,"href":"https:\/\/inpack.hu\/ro\/wp-json\/wp\/v2\/product_cat?post=9271"},{"taxonomy":"product_tag","embeddable":true,"href":"https:\/\/inpack.hu\/ro\/wp-json\/wp\/v2\/product_tag?post=9271"}],"curies":[{"name":"wp","href":"https:\/\/api.w.org\/{rel}","templated":true}]}}