{"id":9275,"date":"2022-08-25T10:24:02","date_gmt":"2022-08-25T10:24:02","guid":{"rendered":"https:\/\/inpack.hu\/product\/srf-nfu-atv\/"},"modified":"2022-08-25T10:24:02","modified_gmt":"2022-08-25T10:24:02","slug":"srf-nfu-atv","status":"publish","type":"product","link":"https:\/\/inpack.hu\/ro\/product\/srf-nfu-atv\/","title":{"rendered":"SRF, NFU &#038; ATV"},"content":{"rendered":"","protected":false},"excerpt":{"rendered":"<p>&nbsp;<\/p>\n<p>&nbsp;<\/p>\n<table style=\"border-collapse: collapse; width: 100%;\">\n<tbody>\n<tr>\n<td><strong>T\u00f6bbcsatorn\u00e1s vez\u00e9rl\u0151k<\/strong><\/p>\n<ul>\n<li>Elektromos vez\u00e9rl\u0151k<\/li>\n<li>Egyszer\u0171en \u00e9s k\u00f6nnyen kezelhet\u0151 men\u00fc<\/li>\n<li>K\u00f6nnyed\u00e9n be\u00e9p\u00edthet\u0151 a legt\u00f6bb ir\u00e1ny\u00edt\u00f3rendszerbe<\/li>\n<li>Letisztult \u00e9s tart\u00f3s design Digit\u00e1lis frekvencia kijelz\u0151<\/li>\n<\/ul>\n<\/td>\n<td><a href=\"https:\/\/inpack.hu\/wp-content\/uploads\/2022\/08\/SRF_NFU_ATV_ENG.pdf\" target=\"_blank\" rel=\"noopener\"><img loading=\"lazy\" decoding=\"async\" class=\"alignnone wp-image-7174\" src=\"https:\/\/inpack.hu\/wp-content\/uploads\/2017\/06\/free-pdf-download-icon-2617-thumb.png\" alt=\"\" width=\"200\" height=\"200\" \/><\/a><\/td>\n<\/tr>\n<\/tbody>\n<\/table>\n","protected":false},"featured_media":0,"template":"","meta":[],"product_brand":[],"product_cat":[1278,999],"product_tag":[1279,1280,1281,1282,1283,1284,1285,1286,1287,1288,1289,1291,1293,1295,1296,1297,1298,1300,1302,1304,1305,1306,1307,1308,1309,1310,1311,1312,1313,1314,1315,1316,1317],"class_list":{"0":"post-9275","1":"product","2":"type-product","3":"status-publish","5":"product_cat-panouri-de-conada","6":"product_cat-vibratie-industirala","7":"product_tag-atv-320d11n4c-ro","8":"product_tag-atv-320d15n4c-ro","9":"product_tag-atv-320u07m2c-ro","10":"product_tag-atv-320u07n4c-ro","11":"product_tag-atv-320u11m2c-ro","12":"product_tag-atv-320u15n4c-ro","13":"product_tag-atv-320u22m2c-ro","14":"product_tag-atv-320u22n4c-ro","15":"product_tag-atv-320u40n4c-ro","16":"product_tag-atv-320u55n4c-ro","17":"product_tag-atv-320u75n4c-ro","18":"product_tag-nfu-1-004-3-3-ro","19":"product_tag-nfu-1-007-4-8-ro","20":"product_tag-nfu-1-011-6-9-ro","21":"product_tag-nfu-1-015-8-ro","22":"product_tag-nfu-1-022-11-ro","23":"product_tag-nfu-2-004-1-5-ro","24":"product_tag-nfu-2-007-2-3-ro","25":"product_tag-nfu-2-011-3-ro","26":"product_tag-nfu-2-015-4-1-ro","27":"product_tag-nfu-2-022-5-5-ro","28":"product_tag-nfu-2-040-9-5-ro","29":"product_tag-srf-1-007-4-8-ro","30":"product_tag-srf-1-011-6-9-ro","31":"product_tag-srf-1-022-11-ro","32":"product_tag-srf-2-007-2-3-ro","33":"product_tag-srf-2-015-4-1-ro","34":"product_tag-srf-2-022-5-5-ro","35":"product_tag-srf-2-040-9-5-ro","36":"product_tag-srf-2-055-14-3-ro","37":"product_tag-srf-2-075-17-ro","38":"product_tag-srf-2-110-27-7-ro","39":"product_tag-srf-2-150-33-ro","41":"first","42":"instock","43":"shipping-taxable","44":"product-type-simple"},"_links":{"self":[{"href":"https:\/\/inpack.hu\/ro\/wp-json\/wp\/v2\/product\/9275","targetHints":{"allow":["GET"]}}],"collection":[{"href":"https:\/\/inpack.hu\/ro\/wp-json\/wp\/v2\/product"}],"about":[{"href":"https:\/\/inpack.hu\/ro\/wp-json\/wp\/v2\/types\/product"}],"wp:attachment":[{"href":"https:\/\/inpack.hu\/ro\/wp-json\/wp\/v2\/media?parent=9275"}],"wp:term":[{"taxonomy":"product_brand","embeddable":true,"href":"https:\/\/inpack.hu\/ro\/wp-json\/wp\/v2\/product_brand?post=9275"},{"taxonomy":"product_cat","embeddable":true,"href":"https:\/\/inpack.hu\/ro\/wp-json\/wp\/v2\/product_cat?post=9275"},{"taxonomy":"product_tag","embeddable":true,"href":"https:\/\/inpack.hu\/ro\/wp-json\/wp\/v2\/product_tag?post=9275"}],"curies":[{"name":"wp","href":"https:\/\/api.w.org\/{rel}","templated":true}]}}