{"id":9276,"date":"2022-08-25T10:21:10","date_gmt":"2022-08-25T10:21:10","guid":{"rendered":"https:\/\/inpack.hu\/product\/nas-nss\/"},"modified":"2022-08-25T10:21:10","modified_gmt":"2022-08-25T10:21:10","slug":"nas-nss","status":"publish","type":"product","link":"https:\/\/inpack.hu\/ro\/product\/nas-nss\/","title":{"rendered":"NAS &#038; NSS"},"content":{"rendered":"","protected":false},"excerpt":{"rendered":"<p>&nbsp;<\/p>\n<p>&nbsp;<\/p>\n<table style=\"border-collapse: collapse; width: 100%;\">\n<tbody>\n<tr>\n<td><strong>T\u00f6bbcsatorn\u00e1s vez\u00e9rl\u0151k<\/strong><\/p>\n<ul>\n<li>Elektromos vez\u00e9rl\u0151k<\/li>\n<li>Sz\u00fcnet \u00e9s munkaid\u0151 k\u00fcl\u00f6n-k\u00fcl\u00f6n szab\u00e1lyozhat\u00f3<\/li>\n<li>A csatlakoztatott alkatr\u00e9szek automatikus felismer\u00e9se<\/li>\n<li>Por \u00e9s v\u00edz v\u00e9delem (NSS) egyedi ig\u00e9nyek szerint.<\/li>\n<li>K\u00e9rj\u00fck \u00e9rdekl\u0151dj\u00f6n \u00fcgyint\u00e9z\u0151nkn\u00e9l.<\/li>\n<\/ul>\n<\/td>\n<td><a href=\"https:\/\/inpack.hu\/wp-content\/uploads\/2022\/08\/NAS_NSS_ENG.pdf\" target=\"_blank\" rel=\"noopener\"><img loading=\"lazy\" decoding=\"async\" class=\"alignnone wp-image-7174\" src=\"https:\/\/inpack.hu\/wp-content\/uploads\/2017\/06\/free-pdf-download-icon-2617-thumb.png\" alt=\"\" width=\"200\" height=\"200\" \/><\/a><\/td>\n<\/tr>\n<\/tbody>\n<\/table>\n","protected":false},"featured_media":0,"template":"","meta":[],"product_brand":[],"product_cat":[1278,999],"product_tag":[1290,1292,1294],"class_list":{"0":"post-9276","1":"product","2":"type-product","3":"status-publish","5":"product_cat-panouri-de-conada","6":"product_cat-vibratie-industirala","7":"product_tag-nasmini-16-ro","8":"product_tag-nasmini-8-ro","9":"product_tag-nss-ro","11":"first","12":"instock","13":"shipping-taxable","14":"product-type-simple"},"_links":{"self":[{"href":"https:\/\/inpack.hu\/ro\/wp-json\/wp\/v2\/product\/9276","targetHints":{"allow":["GET"]}}],"collection":[{"href":"https:\/\/inpack.hu\/ro\/wp-json\/wp\/v2\/product"}],"about":[{"href":"https:\/\/inpack.hu\/ro\/wp-json\/wp\/v2\/types\/product"}],"wp:attachment":[{"href":"https:\/\/inpack.hu\/ro\/wp-json\/wp\/v2\/media?parent=9276"}],"wp:term":[{"taxonomy":"product_brand","embeddable":true,"href":"https:\/\/inpack.hu\/ro\/wp-json\/wp\/v2\/product_brand?post=9276"},{"taxonomy":"product_cat","embeddable":true,"href":"https:\/\/inpack.hu\/ro\/wp-json\/wp\/v2\/product_cat?post=9276"},{"taxonomy":"product_tag","embeddable":true,"href":"https:\/\/inpack.hu\/ro\/wp-json\/wp\/v2\/product_tag?post=9276"}],"curies":[{"name":"wp","href":"https:\/\/api.w.org\/{rel}","templated":true}]}}