{"id":9277,"date":"2022-08-25T10:17:41","date_gmt":"2022-08-25T10:17:41","guid":{"rendered":"https:\/\/inpack.hu\/product\/ap117-pap\/"},"modified":"2022-08-25T10:17:41","modified_gmt":"2022-08-25T10:17:41","slug":"ap117-pap","status":"publish","type":"product","link":"https:\/\/inpack.hu\/ro\/product\/ap117-pap\/","title":{"rendered":"AP &#038; PAP"},"content":{"rendered":"","protected":false},"excerpt":{"rendered":"<p>&nbsp;<\/p>\n<p>&nbsp;<\/p>\n<table style=\"border-collapse: collapse; width: 100%;\">\n<tbody>\n<tr>\n<td><strong>Egycsatorn\u00e1s vez\u00e9rl\u0151k<\/strong><\/p>\n<ul>\n<li>Pneumatikus \u00e9s elektromos vez\u00e9rl\u0151k<\/li>\n<li>Sz\u00fcnet \u00e9s munkaid\u0151 k\u00fcl\u00f6n-k\u00fcl\u00f6n szab\u00e1lyozhat\u00f3<\/li>\n<li>Egyszer\u0171en \u00e9s k\u00f6nnyen kezelhet\u0151<\/li>\n<li>Por \u00e9s v\u00edz v\u00e9delem<\/li>\n<li>Aj\u00e1nlott minim\u00e1lis nyom\u00e1s: 3 bar<\/li>\n<\/ul>\n<\/td>\n<td><a href=\"https:\/\/inpack.hu\/wp-content\/uploads\/2022\/08\/AP_PAP_ENG.pdf\" target=\"_blank\" rel=\"noopener\"><img loading=\"lazy\" decoding=\"async\" class=\"alignnone wp-image-7174\" src=\"https:\/\/inpack.hu\/wp-content\/uploads\/2017\/06\/free-pdf-download-icon-2617-thumb.png\" alt=\"\" width=\"200\" height=\"200\" \/><\/a><\/td>\n<\/tr>\n<\/tbody>\n<\/table>\n","protected":false},"featured_media":0,"template":"","meta":[],"product_brand":[],"product_cat":[1278,999],"product_tag":[1299,1301,1303],"class_list":{"0":"post-9277","1":"product","2":"type-product","3":"status-publish","5":"product_cat-panouri-de-conada","6":"product_cat-vibratie-industirala","7":"product_tag-ap-117-ro","8":"product_tag-pap-115-ro","9":"product_tag-pap-116-ro","11":"first","12":"instock","13":"shipping-taxable","14":"product-type-simple"},"_links":{"self":[{"href":"https:\/\/inpack.hu\/ro\/wp-json\/wp\/v2\/product\/9277","targetHints":{"allow":["GET"]}}],"collection":[{"href":"https:\/\/inpack.hu\/ro\/wp-json\/wp\/v2\/product"}],"about":[{"href":"https:\/\/inpack.hu\/ro\/wp-json\/wp\/v2\/types\/product"}],"wp:attachment":[{"href":"https:\/\/inpack.hu\/ro\/wp-json\/wp\/v2\/media?parent=9277"}],"wp:term":[{"taxonomy":"product_brand","embeddable":true,"href":"https:\/\/inpack.hu\/ro\/wp-json\/wp\/v2\/product_brand?post=9277"},{"taxonomy":"product_cat","embeddable":true,"href":"https:\/\/inpack.hu\/ro\/wp-json\/wp\/v2\/product_cat?post=9277"},{"taxonomy":"product_tag","embeddable":true,"href":"https:\/\/inpack.hu\/ro\/wp-json\/wp\/v2\/product_tag?post=9277"}],"curies":[{"name":"wp","href":"https:\/\/api.w.org\/{rel}","templated":true}]}}