{"id":9278,"date":"2022-08-25T10:15:46","date_gmt":"2022-08-25T10:15:46","guid":{"rendered":"https:\/\/inpack.hu\/product\/pneumatikus-rugok\/"},"modified":"2023-06-01T14:09:23","modified_gmt":"2023-06-01T14:09:23","slug":"pneumatikus-rugok","status":"publish","type":"product","link":"https:\/\/inpack.hu\/ro\/product\/pneumatikus-rugok\/","title":{"rendered":"Arcuri pneumatice"},"content":{"rendered":"","protected":false},"excerpt":{"rendered":"<p>&nbsp;<\/p>\n<p>&nbsp;<\/p>\n<table style=\"border-collapse: collapse; width: 100%;\">\n<tbody>\n<tr>\n<td style=\"width: 64.3193%;\"><strong>Arcuri pneumatice<\/strong><\/p>\n<ul>\n<li>Perfect pentru suport flexibil al ma\u0219inilor cu vibra\u021bii<\/li>\n<li>F\u0103r\u0103 \u00eentre\u021binere chiar \u0219i \u00een medii cu condi\u021bii speciale<\/li>\n<li>\u00cenal\u021bime reglabil\u0103<\/li>\n<\/ul>\n<\/td>\n<td style=\"width: 35.6025%;\"><a href=\"https:\/\/inpack.hu\/wp-content\/uploads\/2022\/08\/Spring_Bellow_ENG.pdf\"><img loading=\"lazy\" decoding=\"async\" class=\"alignnone wp-image-7174\" src=\"https:\/\/inpack.hu\/wp-content\/uploads\/2017\/06\/free-pdf-download-icon-2617-thumb.png\" alt=\"\" width=\"200\" height=\"200\" \/><\/a><\/td>\n<\/tr>\n<\/tbody>\n<\/table>\n","protected":false},"featured_media":0,"template":"","meta":[],"product_brand":[],"product_cat":[1000,999],"product_tag":[],"class_list":{"0":"post-9278","1":"product","2":"type-product","3":"status-publish","5":"product_cat-componente-anti-vibratie","6":"product_cat-vibratie-industirala","8":"first","9":"instock","10":"shipping-taxable","11":"product-type-simple"},"_links":{"self":[{"href":"https:\/\/inpack.hu\/ro\/wp-json\/wp\/v2\/product\/9278","targetHints":{"allow":["GET"]}}],"collection":[{"href":"https:\/\/inpack.hu\/ro\/wp-json\/wp\/v2\/product"}],"about":[{"href":"https:\/\/inpack.hu\/ro\/wp-json\/wp\/v2\/types\/product"}],"wp:attachment":[{"href":"https:\/\/inpack.hu\/ro\/wp-json\/wp\/v2\/media?parent=9278"}],"wp:term":[{"taxonomy":"product_brand","embeddable":true,"href":"https:\/\/inpack.hu\/ro\/wp-json\/wp\/v2\/product_brand?post=9278"},{"taxonomy":"product_cat","embeddable":true,"href":"https:\/\/inpack.hu\/ro\/wp-json\/wp\/v2\/product_cat?post=9278"},{"taxonomy":"product_tag","embeddable":true,"href":"https:\/\/inpack.hu\/ro\/wp-json\/wp\/v2\/product_tag?post=9278"}],"curies":[{"name":"wp","href":"https:\/\/api.w.org\/{rel}","templated":true}]}}