{"id":9285,"date":"2022-08-25T09:58:06","date_gmt":"2022-08-25T09:58:06","guid":{"rendered":"https:\/\/inpack.hu\/product\/vac\/"},"modified":"2023-05-08T11:56:12","modified_gmt":"2023-05-08T11:56:12","slug":"vac","status":"publish","type":"product","link":"https:\/\/inpack.hu\/ro\/product\/vac\/","title":{"rendered":"Fixatoare cu vacuum VAC"},"content":{"rendered":"","protected":false},"excerpt":{"rendered":"<p>&nbsp;<\/p>\n<p>&nbsp;<\/p>\n<table style=\"border-collapse: collapse; width: 100%;\">\n<tbody>\n<tr>\n<td style=\"width: 64.3192%;\"><strong>Fixatoare cu vid<\/strong><\/p>\n<ul>\n<li>Fixare rapid\u0103, far\u0103 sudure sau \u00een\u0219urubare<\/li>\n<li>Conexiune puternic\u0103 datorit\u0103 vidului mare<\/li>\n<li>Poate fi folosit at\u00e2t pe suprafe\u021be curbate, c\u00e2t \u0219i pe suprafe\u021be neuniforme<\/li>\n<li>Disponibil \u00een viziune antiexplozie, inox \u0219i viziuni personalizate<\/li>\n<\/ul>\n<\/td>\n<td style=\"width: 35.6025%;\"><a href=\"https:\/\/inpack.hu\/wp-content\/uploads\/2022\/08\/VAC_ENG.pdf\" target=\"_blank\" rel=\"noopener\"><img loading=\"lazy\" decoding=\"async\" class=\"alignnone wp-image-7174\" src=\"https:\/\/inpack.hu\/wp-content\/uploads\/2017\/06\/free-pdf-download-icon-2617-thumb.png\" alt=\"\" width=\"200\" height=\"200\" \/><\/a><\/td>\n<\/tr>\n<\/tbody>\n<\/table>\n<p>&nbsp;<\/p>\n","protected":false},"featured_media":0,"template":"","meta":[],"product_brand":[],"product_cat":[1000,999],"product_tag":[1356,1357,1358,1359,1360,1361,1362,1363,1364,1365],"class_list":{"0":"post-9285","1":"product","2":"type-product","3":"status-publish","5":"product_cat-componente-anti-vibratie","6":"product_cat-vibratie-industirala","7":"product_tag-vac-10-ro","8":"product_tag-vac-11-ro","9":"product_tag-vac-12-ro","10":"product_tag-vac-13-ro","11":"product_tag-vac-15-ro","12":"product_tag-vac-20-ro","13":"product_tag-vac-30-ro","14":"product_tag-vac-40-ro","15":"product_tag-vac-6-ro","16":"product_tag-vac-8-ro","18":"first","19":"instock","20":"shipping-taxable","21":"product-type-simple"},"_links":{"self":[{"href":"https:\/\/inpack.hu\/ro\/wp-json\/wp\/v2\/product\/9285","targetHints":{"allow":["GET"]}}],"collection":[{"href":"https:\/\/inpack.hu\/ro\/wp-json\/wp\/v2\/product"}],"about":[{"href":"https:\/\/inpack.hu\/ro\/wp-json\/wp\/v2\/types\/product"}],"wp:attachment":[{"href":"https:\/\/inpack.hu\/ro\/wp-json\/wp\/v2\/media?parent=9285"}],"wp:term":[{"taxonomy":"product_brand","embeddable":true,"href":"https:\/\/inpack.hu\/ro\/wp-json\/wp\/v2\/product_brand?post=9285"},{"taxonomy":"product_cat","embeddable":true,"href":"https:\/\/inpack.hu\/ro\/wp-json\/wp\/v2\/product_cat?post=9285"},{"taxonomy":"product_tag","embeddable":true,"href":"https:\/\/inpack.hu\/ro\/wp-json\/wp\/v2\/product_tag?post=9285"}],"curies":[{"name":"wp","href":"https:\/\/api.w.org\/{rel}","templated":true}]}}