{"id":9286,"date":"2022-08-25T09:56:20","date_gmt":"2022-08-25T09:56:20","guid":{"rendered":"https:\/\/inpack.hu\/product\/flexilink\/"},"modified":"2023-04-11T14:01:58","modified_gmt":"2023-04-11T14:01:58","slug":"flexilink","status":"publish","type":"product","link":"https:\/\/inpack.hu\/ro\/product\/flexilink\/","title":{"rendered":"FlexiLink"},"content":{"rendered":"","protected":false},"excerpt":{"rendered":"<p>&nbsp;<\/p>\n<table style=\"border-collapse: collapse; width: 100%; height: 57px;\">\n<tbody>\n<tr style=\"height: 57px;\">\n<td style=\"width: 61.2355%; height: 57px;\"><strong>Dozator<\/strong><\/p>\n<ul>\n<li>Performan\u021b\u0103 de dozare excep\u021bional de ridicat\u0103<\/li>\n<li>Consum redus de aer<\/li>\n<li>Pornire \u0219i oprire instantanee<\/li>\n<li>Design compact, ma\u0219in\u0103 cu mas\u0103 redus\u0103<\/li>\n<\/ul>\n<\/td>\n<td style=\"width: 38.6873%; height: 57px;\"><a href=\"https:\/\/inpack.hu\/wp-content\/uploads\/2023\/02\/FlexiLink_ENG.pdf\"><img loading=\"lazy\" decoding=\"async\" class=\"alignnone wp-image-7174\" src=\"https:\/\/inpack.hu\/wp-content\/uploads\/2017\/06\/free-pdf-download-icon-2617-thumb.png\" alt=\"\" width=\"200\" height=\"200\" \/><\/a><\/td>\n<\/tr>\n<\/tbody>\n<\/table>\n","protected":false},"featured_media":0,"template":"","meta":[],"product_brand":[],"product_cat":[1092,999],"product_tag":[1366],"class_list":{"0":"post-9286","1":"product","2":"type-product","3":"status-publish","5":"product_cat-dozatoare-vibrante","6":"product_cat-vibratie-industirala","7":"product_tag-flexilink-ro","9":"first","10":"instock","11":"shipping-taxable","12":"product-type-simple"},"_links":{"self":[{"href":"https:\/\/inpack.hu\/ro\/wp-json\/wp\/v2\/product\/9286","targetHints":{"allow":["GET"]}}],"collection":[{"href":"https:\/\/inpack.hu\/ro\/wp-json\/wp\/v2\/product"}],"about":[{"href":"https:\/\/inpack.hu\/ro\/wp-json\/wp\/v2\/types\/product"}],"wp:attachment":[{"href":"https:\/\/inpack.hu\/ro\/wp-json\/wp\/v2\/media?parent=9286"}],"wp:term":[{"taxonomy":"product_brand","embeddable":true,"href":"https:\/\/inpack.hu\/ro\/wp-json\/wp\/v2\/product_brand?post=9286"},{"taxonomy":"product_cat","embeddable":true,"href":"https:\/\/inpack.hu\/ro\/wp-json\/wp\/v2\/product_cat?post=9286"},{"taxonomy":"product_tag","embeddable":true,"href":"https:\/\/inpack.hu\/ro\/wp-json\/wp\/v2\/product_tag?post=9286"}],"curies":[{"name":"wp","href":"https:\/\/api.w.org\/{rel}","templated":true}]}}