{"id":9288,"date":"2022-08-25T09:53:16","date_gmt":"2022-08-25T09:53:16","guid":{"rendered":"https:\/\/inpack.hu\/product\/gyroshake\/"},"modified":"2023-06-02T08:58:38","modified_gmt":"2023-06-02T08:58:38","slug":"gyroshake","status":"publish","type":"product","link":"https:\/\/inpack.hu\/ro\/product\/gyroshake\/","title":{"rendered":"Mese vibrante cu axe multiple &#8211; GyroShake"},"content":{"rendered":"","protected":false},"excerpt":{"rendered":"<p>&nbsp;<\/p>\n<table style=\"border-collapse: collapse; width: 100%;\">\n<tbody>\n<tr>\n<td style=\"width: 64.1257%;\"><strong>Mese vibrante cu axe multiple &#8211; GyroShake<\/strong><\/p>\n<ul>\n<li>Mese vibrante \u00een func\u021bie de nevoi \u0219i dimensiuni individuale<\/li>\n<li>Mas\u0103 vibrant\u0103 silen\u021bioas\u0103, nivel de zgomot sub 70 dB(A)<\/li>\n<li>Compactarea betonului f\u0103r\u0103 pori<\/li>\n<li>Amplitudine reglabila in timpul functionarii<\/li>\n<li>Frecven\u021b\u0103 reglabil\u0103 \u00een timpul func\u021bion\u0103rii<\/li>\n<li>Poate fi integrat \u00een sisteme de transport de pale\u021bi<\/li>\n<\/ul>\n<\/td>\n<td style=\"width: 35.797%;\"><a href=\"https:\/\/inpack.hu\/wp-content\/uploads\/2023\/02\/Gyro_Shake_ENG.pdf\"><img loading=\"lazy\" decoding=\"async\" class=\"alignnone wp-image-7174\" src=\"https:\/\/inpack.hu\/wp-content\/uploads\/2017\/06\/free-pdf-download-icon-2617-thumb.png\" alt=\"\" width=\"200\" height=\"200\" \/><\/a><\/td>\n<\/tr>\n<\/tbody>\n<\/table>\n","protected":false},"featured_media":0,"template":"","meta":[],"product_brand":[],"product_cat":[1104,999],"product_tag":[1368],"class_list":{"0":"post-9288","1":"product","2":"type-product","3":"status-publish","5":"product_cat-mese-vibrante","6":"product_cat-vibratie-industirala","7":"product_tag-gyroshake-ro","9":"first","10":"instock","11":"shipping-taxable","12":"product-type-simple"},"_links":{"self":[{"href":"https:\/\/inpack.hu\/ro\/wp-json\/wp\/v2\/product\/9288","targetHints":{"allow":["GET"]}}],"collection":[{"href":"https:\/\/inpack.hu\/ro\/wp-json\/wp\/v2\/product"}],"about":[{"href":"https:\/\/inpack.hu\/ro\/wp-json\/wp\/v2\/types\/product"}],"wp:attachment":[{"href":"https:\/\/inpack.hu\/ro\/wp-json\/wp\/v2\/media?parent=9288"}],"wp:term":[{"taxonomy":"product_brand","embeddable":true,"href":"https:\/\/inpack.hu\/ro\/wp-json\/wp\/v2\/product_brand?post=9288"},{"taxonomy":"product_cat","embeddable":true,"href":"https:\/\/inpack.hu\/ro\/wp-json\/wp\/v2\/product_cat?post=9288"},{"taxonomy":"product_tag","embeddable":true,"href":"https:\/\/inpack.hu\/ro\/wp-json\/wp\/v2\/product_tag?post=9288"}],"curies":[{"name":"wp","href":"https:\/\/api.w.org\/{rel}","templated":true}]}}