{"id":9289,"date":"2022-08-25T09:49:12","date_gmt":"2022-08-25T09:49:12","guid":{"rendered":"https:\/\/inpack.hu\/product\/razoasztalok\/"},"modified":"2023-06-02T08:19:28","modified_gmt":"2023-06-02T08:19:28","slug":"razoasztalok","status":"publish","type":"product","link":"https:\/\/inpack.hu\/ro\/product\/razoasztalok\/","title":{"rendered":"Mese vibrante"},"content":{"rendered":"","protected":false},"excerpt":{"rendered":"<p>&nbsp;<\/p>\n<table style=\"border-collapse: collapse; width: 98.6873%; height: 109px;\">\n<tbody>\n<tr style=\"height: 109px;\">\n<td style=\"height: 109px; width: 66.9498%;\"><strong>Mese vibrante \u00een func\u021bie de nevoi \u0219i dimensiuni individuale!<\/strong><\/p>\n<ul>\n<li>Versiuni: standard, cu c\u00e2ntar, cu rol\u0103, cu band\u0103 transportoare sau andocare pentru pale\u021bi<\/li>\n<li>Func\u021bionare electric\u0103 sau pneumatic\u0103<\/li>\n<li>For\u021b\u0103 \u0219i amplitudine centrifug\u0103 reglabile<\/li>\n<li>Echipat cu amortizoare de vibra\u021bii de \u00eenalt\u0103 calitate<\/li>\n<li>Nivel de zgomot redus<\/li>\n<li>Cu mai multe comenzi \u0219i accesorii<\/li>\n<li>Versiuni robuste pentru func\u021bionare continu\u0103<\/li>\n<li>Disponibil \u0219i \u00een versiune portabil\u0103<\/li>\n<\/ul>\n<\/td>\n<td style=\"height: 109px; width: 32.9729%;\"><a href=\"https:\/\/inpack.hu\/wp-content\/uploads\/2023\/02\/Vibrating_Table_VT_ENG.pdf\"><img loading=\"lazy\" decoding=\"async\" class=\"alignnone wp-image-7174\" src=\"https:\/\/inpack.hu\/wp-content\/uploads\/2017\/06\/free-pdf-download-icon-2617-thumb.png\" alt=\"\" width=\"200\" height=\"200\" \/><\/a><\/td>\n<\/tr>\n<\/tbody>\n<\/table>\n","protected":false},"featured_media":0,"template":"","meta":[],"product_brand":[],"product_cat":[1104,999],"product_tag":[1369,1370,1371,1372,1373,1374,1375],"class_list":{"0":"post-9289","1":"product","2":"type-product","3":"status-publish","5":"product_cat-mese-vibrante","6":"product_cat-vibratie-industirala","7":"product_tag-vt-ro","8":"product_tag-vtb-ro","9":"product_tag-vte-ro","10":"product_tag-vtf-ro","11":"product_tag-vtp-ro","12":"product_tag-vtr-ro","13":"product_tag-vtw-ro","15":"first","16":"instock","17":"shipping-taxable","18":"product-type-simple"},"_links":{"self":[{"href":"https:\/\/inpack.hu\/ro\/wp-json\/wp\/v2\/product\/9289","targetHints":{"allow":["GET"]}}],"collection":[{"href":"https:\/\/inpack.hu\/ro\/wp-json\/wp\/v2\/product"}],"about":[{"href":"https:\/\/inpack.hu\/ro\/wp-json\/wp\/v2\/types\/product"}],"wp:attachment":[{"href":"https:\/\/inpack.hu\/ro\/wp-json\/wp\/v2\/media?parent=9289"}],"wp:term":[{"taxonomy":"product_brand","embeddable":true,"href":"https:\/\/inpack.hu\/ro\/wp-json\/wp\/v2\/product_brand?post=9289"},{"taxonomy":"product_cat","embeddable":true,"href":"https:\/\/inpack.hu\/ro\/wp-json\/wp\/v2\/product_cat?post=9289"},{"taxonomy":"product_tag","embeddable":true,"href":"https:\/\/inpack.hu\/ro\/wp-json\/wp\/v2\/product_tag?post=9289"}],"curies":[{"name":"wp","href":"https:\/\/api.w.org\/{rel}","templated":true}]}}