{"id":9290,"date":"2022-08-25T09:26:51","date_gmt":"2022-08-25T09:26:51","guid":{"rendered":"https:\/\/inpack.hu\/product\/nvi\/"},"modified":"2023-06-02T11:25:37","modified_gmt":"2023-06-02T11:25:37","slug":"nvi","status":"publish","type":"product","link":"https:\/\/inpack.hu\/ro\/product\/nvi\/","title":{"rendered":"Lance hidraulice pentru excavator NVI"},"content":{"rendered":"","protected":false},"excerpt":{"rendered":"<p>&nbsp;<\/p>\n<table style=\"border-collapse: collapse; width: 100%;\">\n<tbody>\n<tr>\n<td><strong>\u00cen func\u021bie de nevoile individuale, pentru informa\u021bii v\u0103 rug\u0103m s\u0103 ne contacta\u021bi!<\/strong><\/td>\n<td><a href=\"https:\/\/inpack.hu\/wp-content\/uploads\/2022\/08\/NVI_ENG.pdf\" target=\"_blank\" rel=\"noopener\"><img loading=\"lazy\" decoding=\"async\" class=\"alignnone wp-image-7174\" src=\"https:\/\/inpack.hu\/wp-content\/uploads\/2017\/06\/free-pdf-download-icon-2617-thumb.png\" alt=\"\" width=\"200\" height=\"200\" \/><\/a><\/td>\n<\/tr>\n<\/tbody>\n<\/table>\n","protected":false},"featured_media":0,"template":"","meta":[],"product_brand":[],"product_cat":[1376,999],"product_tag":[1377,1378,1379,1380,1381],"class_list":{"0":"post-9290","1":"product","2":"type-product","3":"status-publish","5":"product_cat-lance-vibratoare","6":"product_cat-vibratie-industirala","7":"product_tag-nvi-2-ro","8":"product_tag-nvi-3-ro","9":"product_tag-nvi-4-ro","10":"product_tag-nvi-6-ro","11":"product_tag-nvi-8-ro","13":"first","14":"instock","15":"shipping-taxable","16":"product-type-simple"},"_links":{"self":[{"href":"https:\/\/inpack.hu\/ro\/wp-json\/wp\/v2\/product\/9290","targetHints":{"allow":["GET"]}}],"collection":[{"href":"https:\/\/inpack.hu\/ro\/wp-json\/wp\/v2\/product"}],"about":[{"href":"https:\/\/inpack.hu\/ro\/wp-json\/wp\/v2\/types\/product"}],"wp:attachment":[{"href":"https:\/\/inpack.hu\/ro\/wp-json\/wp\/v2\/media?parent=9290"}],"wp:term":[{"taxonomy":"product_brand","embeddable":true,"href":"https:\/\/inpack.hu\/ro\/wp-json\/wp\/v2\/product_brand?post=9290"},{"taxonomy":"product_cat","embeddable":true,"href":"https:\/\/inpack.hu\/ro\/wp-json\/wp\/v2\/product_cat?post=9290"},{"taxonomy":"product_tag","embeddable":true,"href":"https:\/\/inpack.hu\/ro\/wp-json\/wp\/v2\/product_tag?post=9290"}],"curies":[{"name":"wp","href":"https:\/\/api.w.org\/{rel}","templated":true}]}}