{"id":9291,"date":"2022-08-25T09:25:08","date_gmt":"2022-08-25T09:25:08","guid":{"rendered":"https:\/\/inpack.hu\/product\/nhw\/"},"modified":"2023-04-13T13:07:44","modified_gmt":"2023-04-13T13:07:44","slug":"nhw","status":"publish","type":"product","link":"https:\/\/inpack.hu\/ro\/product\/nhw\/","title":{"rendered":"Desc\u0103rc\u0103tor hidraulic de vagoane NHW"},"content":{"rendered":"","protected":false},"excerpt":{"rendered":"<p>&nbsp;<\/p>\n<table style=\"border-collapse: collapse; width: 100%;\">\n<tbody>\n<tr>\n<td><strong>\u00cen func\u021bie de nevoile individuale, p<\/strong><strong>entru informa\u021bii v\u0103 rug\u0103m s\u0103 ne contacta\u021bi!<\/strong><\/td>\n<td><a href=\"http:\/\/https:\/\/inpack.hu\/wp-content\/uploads\/2022\/08\/NHW_ENG.pdf\"><img loading=\"lazy\" decoding=\"async\" class=\"alignnone wp-image-7174\" src=\"https:\/\/inpack.hu\/wp-content\/uploads\/2017\/06\/free-pdf-download-icon-2617-thumb.png\" alt=\"\" width=\"200\" height=\"200\" \/><\/a><\/td>\n<\/tr>\n<\/tbody>\n<\/table>\n","protected":false},"featured_media":0,"template":"","meta":[],"product_brand":[],"product_cat":[999,1382],"product_tag":[1383],"class_list":{"0":"post-9291","1":"product","2":"type-product","3":"status-publish","5":"product_cat-vibratie-industirala","6":"product_cat-vibromotoare-hidraulice","7":"product_tag-nhw-ro","9":"first","10":"instock","11":"shipping-taxable","12":"product-type-simple"},"_links":{"self":[{"href":"https:\/\/inpack.hu\/ro\/wp-json\/wp\/v2\/product\/9291","targetHints":{"allow":["GET"]}}],"collection":[{"href":"https:\/\/inpack.hu\/ro\/wp-json\/wp\/v2\/product"}],"about":[{"href":"https:\/\/inpack.hu\/ro\/wp-json\/wp\/v2\/types\/product"}],"wp:attachment":[{"href":"https:\/\/inpack.hu\/ro\/wp-json\/wp\/v2\/media?parent=9291"}],"wp:term":[{"taxonomy":"product_brand","embeddable":true,"href":"https:\/\/inpack.hu\/ro\/wp-json\/wp\/v2\/product_brand?post=9291"},{"taxonomy":"product_cat","embeddable":true,"href":"https:\/\/inpack.hu\/ro\/wp-json\/wp\/v2\/product_cat?post=9291"},{"taxonomy":"product_tag","embeddable":true,"href":"https:\/\/inpack.hu\/ro\/wp-json\/wp\/v2\/product_tag?post=9291"}],"curies":[{"name":"wp","href":"https:\/\/api.w.org\/{rel}","templated":true}]}}