{"id":9293,"date":"2022-08-25T09:19:10","date_gmt":"2022-08-25T09:19:10","guid":{"rendered":"https:\/\/inpack.hu\/product\/nce-nxe\/"},"modified":"2023-06-02T10:07:47","modified_gmt":"2023-06-02T10:07:47","slug":"nce-nxe","status":"publish","type":"product","link":"https:\/\/inpack.hu\/ro\/product\/nce-nxe\/","title":{"rendered":"Lance vibrante electrice NCE &#038; NXE"},"content":{"rendered":"","protected":false},"excerpt":{"rendered":"<p>&nbsp;<\/p>\n<table style=\"border-collapse: collapse; width: 100%;\">\n<tbody>\n<tr>\n<td><strong>Lance vibrante electrice cu condensator<\/strong><\/p>\n<ul>\n<li>Tensiune de alimentare 230V 50\/60Hz<\/li>\n<li>Frecven\u021ba nominal\u0103 12.000 RPM<\/li>\n<li>For\u021ba centrifug\u0103 1.160 &#8211; 6.000 N<\/li>\n<li>Este u\u0219or \u0219i u\u0219or de manevrat<\/li>\n<li>Durat\u0103 de via\u021b\u0103 maxim\u0103 datorit\u0103 senzorului termic<\/li>\n<\/ul>\n<\/td>\n<td><a href=\"https:\/\/inpack.hu\/wp-content\/uploads\/2022\/08\/NCE_NXE_ENG.pdf\" target=\"_blank\" rel=\"noopener\"><img loading=\"lazy\" decoding=\"async\" class=\"alignnone wp-image-7174\" src=\"https:\/\/inpack.hu\/wp-content\/uploads\/2017\/06\/free-pdf-download-icon-2617-thumb.png\" alt=\"\" width=\"200\" height=\"200\" \/><\/a><\/td>\n<\/tr>\n<\/tbody>\n<\/table>\n","protected":false},"featured_media":0,"template":"","meta":[],"product_brand":[],"product_cat":[1376,999],"product_tag":[1391,1392,1393,1394,1395,1396,1397,1398,1399,1400],"class_list":{"0":"post-9293","1":"product","2":"type-product","3":"status-publish","5":"product_cat-lance-vibratoare","6":"product_cat-vibratie-industirala","7":"product_tag-nce-300-ro","8":"product_tag-nce-370-ro","9":"product_tag-nce-480-ro","10":"product_tag-nce-560-ro","11":"product_tag-nxe-380-ro","12":"product_tag-nxe-380b-ro","13":"product_tag-nxe-480-ro","14":"product_tag-nxe-480b-ro","15":"product_tag-nxe-580l-ro","16":"product_tag-nxe-580lb-ro","18":"first","19":"instock","20":"shipping-taxable","21":"product-type-simple"},"_links":{"self":[{"href":"https:\/\/inpack.hu\/ro\/wp-json\/wp\/v2\/product\/9293","targetHints":{"allow":["GET"]}}],"collection":[{"href":"https:\/\/inpack.hu\/ro\/wp-json\/wp\/v2\/product"}],"about":[{"href":"https:\/\/inpack.hu\/ro\/wp-json\/wp\/v2\/types\/product"}],"wp:attachment":[{"href":"https:\/\/inpack.hu\/ro\/wp-json\/wp\/v2\/media?parent=9293"}],"wp:term":[{"taxonomy":"product_brand","embeddable":true,"href":"https:\/\/inpack.hu\/ro\/wp-json\/wp\/v2\/product_brand?post=9293"},{"taxonomy":"product_cat","embeddable":true,"href":"https:\/\/inpack.hu\/ro\/wp-json\/wp\/v2\/product_cat?post=9293"},{"taxonomy":"product_tag","embeddable":true,"href":"https:\/\/inpack.hu\/ro\/wp-json\/wp\/v2\/product_tag?post=9293"}],"curies":[{"name":"wp","href":"https:\/\/api.w.org\/{rel}","templated":true}]}}