{"id":9294,"date":"2022-08-25T09:15:54","date_gmt":"2022-08-25T09:15:54","guid":{"rendered":"https:\/\/inpack.hu\/product\/ncz-nczs\/"},"modified":"2023-06-02T11:06:34","modified_gmt":"2023-06-02T11:06:34","slug":"ncz-nczs","status":"publish","type":"product","link":"https:\/\/inpack.hu\/ro\/product\/ncz-nczs\/","title":{"rendered":"Lance vibrante electrice NCZ &#038; NCZ-S"},"content":{"rendered":"","protected":false},"excerpt":{"rendered":"<p>&nbsp;<\/p>\n<table style=\"border-collapse: collapse; width: 100%;\">\n<tbody>\n<tr>\n<td style=\"width: 63.8498%;\"><strong>Lance vibrante electrice<\/strong><\/p>\n<ul>\n<li>Tensiune de alimentare 42\/48V 200Hz sau 250V 200Hz<\/li>\n<li>Frecven\u021ba nominal\u0103 12.000 RPM<\/li>\n<li>For\u021ba centrifug\u0103 1.160 &#8211; 10.470 N<\/li>\n<li>Eficien\u021b\u0103 de compactare 16 &#8211; 65 m\u00b3\/\u00f3ra<\/li>\n<li>For\u021b\u0103 centrifug\u0103 mai mare dec\u00e2t la lancele obi\u0219nuite<\/li>\n<li>Cu sonzor termic, \u00eempotriva supra\u00eenc\u0103lzirii<\/li>\n<li>Pies\u0103 v\u00e2rf cu strat de carbur\u0103 de wolfram<\/li>\n<\/ul>\n<\/td>\n<td style=\"width: 36.072%;\"><a href=\"https:\/\/inpack.hu\/wp-content\/uploads\/2022\/08\/NCZ_NCZ-S_ENG.pdf\" target=\"_blank\" rel=\"noopener\"><img loading=\"lazy\" decoding=\"async\" class=\"alignnone wp-image-7174\" src=\"https:\/\/inpack.hu\/wp-content\/uploads\/2017\/06\/free-pdf-download-icon-2617-thumb.png\" alt=\"\" width=\"200\" height=\"200\" \/><\/a><\/td>\n<\/tr>\n<\/tbody>\n<\/table>\n","protected":false},"featured_media":0,"template":"","meta":[],"product_brand":[],"product_cat":[1376,999],"product_tag":[1401,1402,1403,1404,1405,1406,1407,1408,1409,1410,1411,1412],"class_list":{"0":"post-9294","1":"product","2":"type-product","3":"status-publish","5":"product_cat-lance-vibratoare","6":"product_cat-vibratie-industirala","7":"product_tag-ncz-300-ro","8":"product_tag-ncz-300s-ro","9":"product_tag-ncz-370-ro","10":"product_tag-ncz-370s-ro","11":"product_tag-ncz-480-ro","12":"product_tag-ncz-480s-ro","13":"product_tag-ncz-560-ro","14":"product_tag-ncz-560l-ro","15":"product_tag-ncz-560ls-ro","16":"product_tag-ncz-560s-ro","17":"product_tag-ncz-660-ro","18":"product_tag-ncz-800-ro","20":"first","21":"instock","22":"shipping-taxable","23":"product-type-simple"},"_links":{"self":[{"href":"https:\/\/inpack.hu\/ro\/wp-json\/wp\/v2\/product\/9294","targetHints":{"allow":["GET"]}}],"collection":[{"href":"https:\/\/inpack.hu\/ro\/wp-json\/wp\/v2\/product"}],"about":[{"href":"https:\/\/inpack.hu\/ro\/wp-json\/wp\/v2\/types\/product"}],"wp:attachment":[{"href":"https:\/\/inpack.hu\/ro\/wp-json\/wp\/v2\/media?parent=9294"}],"wp:term":[{"taxonomy":"product_brand","embeddable":true,"href":"https:\/\/inpack.hu\/ro\/wp-json\/wp\/v2\/product_brand?post=9294"},{"taxonomy":"product_cat","embeddable":true,"href":"https:\/\/inpack.hu\/ro\/wp-json\/wp\/v2\/product_cat?post=9294"},{"taxonomy":"product_tag","embeddable":true,"href":"https:\/\/inpack.hu\/ro\/wp-json\/wp\/v2\/product_tag?post=9294"}],"curies":[{"name":"wp","href":"https:\/\/api.w.org\/{rel}","templated":true}]}}