{"id":9295,"date":"2022-08-25T09:09:19","date_gmt":"2022-08-25T09:09:19","guid":{"rendered":"https:\/\/inpack.hu\/product\/ncx-ncxs\/"},"modified":"2023-06-02T10:24:11","modified_gmt":"2023-06-02T10:24:11","slug":"ncx-ncxs","status":"publish","type":"product","link":"https:\/\/inpack.hu\/ro\/product\/ncx-ncxs\/","title":{"rendered":"Lance vibrante electrice NCX &#038; NCX-S"},"content":{"rendered":"","protected":false},"excerpt":{"rendered":"<p>&nbsp;<\/p>\n<table style=\"border-collapse: collapse; width: 100%;\">\n<tbody>\n<tr>\n<td style=\"width: 64.1627%;\"><strong>Lance vibrante electrice<\/strong><\/p>\n<ul>\n<li>Tensiune de alimentare 42\/48V 200Hz<\/li>\n<li>Frecven\u021ba nominal\u0103 12.000 RPM<\/li>\n<li>For\u021ba centrifug\u0103 1.160 &#8211; 6.000 N<\/li>\n<li>Eficien\u021b\u0103 de compactare 11 &#8211; 60 m\u00b3\/or\u0103<\/li>\n<li>Cea mai mare for\u021b\u0103 de compresie din categorie<\/li>\n<li>Cu sonzor termic, \u00eempotriva supra\u00eenc\u0103lzirii<\/li>\n<li>Pies\u0103 v\u00e2rf din o\u021bel sau vulcolan<\/li>\n<\/ul>\n<\/td>\n<td style=\"width: 35.759%;\"><a href=\"https:\/\/inpack.hu\/wp-content\/uploads\/2022\/08\/NCX_NCX-S_ENG.pdf\" target=\"_blank\" rel=\"noopener\"><img loading=\"lazy\" decoding=\"async\" class=\"alignnone wp-image-7174\" src=\"https:\/\/inpack.hu\/wp-content\/uploads\/2017\/06\/free-pdf-download-icon-2617-thumb.png\" alt=\"\" width=\"200\" height=\"200\" \/><\/a><\/td>\n<\/tr>\n<\/tbody>\n<\/table>\n","protected":false},"featured_media":0,"template":"","meta":[],"product_brand":[],"product_cat":[1376,999],"product_tag":[1413,1414,1415,1416,1417,1418,1419],"class_list":{"0":"post-9295","1":"product","2":"type-product","3":"status-publish","5":"product_cat-lance-vibratoare","6":"product_cat-vibratie-industirala","7":"product_tag-ncx-380-ro","8":"product_tag-ncx-380s-ro","9":"product_tag-ncx-480-ro","10":"product_tag-ncx-480s-ro","11":"product_tag-ncx-580l-ro","12":"product_tag-ncx-580ls-ro","13":"product_tag-ncx-660k-ro","15":"first","16":"instock","17":"shipping-taxable","18":"product-type-simple"},"_links":{"self":[{"href":"https:\/\/inpack.hu\/ro\/wp-json\/wp\/v2\/product\/9295","targetHints":{"allow":["GET"]}}],"collection":[{"href":"https:\/\/inpack.hu\/ro\/wp-json\/wp\/v2\/product"}],"about":[{"href":"https:\/\/inpack.hu\/ro\/wp-json\/wp\/v2\/types\/product"}],"wp:attachment":[{"href":"https:\/\/inpack.hu\/ro\/wp-json\/wp\/v2\/media?parent=9295"}],"wp:term":[{"taxonomy":"product_brand","embeddable":true,"href":"https:\/\/inpack.hu\/ro\/wp-json\/wp\/v2\/product_brand?post=9295"},{"taxonomy":"product_cat","embeddable":true,"href":"https:\/\/inpack.hu\/ro\/wp-json\/wp\/v2\/product_cat?post=9295"},{"taxonomy":"product_tag","embeddable":true,"href":"https:\/\/inpack.hu\/ro\/wp-json\/wp\/v2\/product_tag?post=9295"}],"curies":[{"name":"wp","href":"https:\/\/api.w.org\/{rel}","templated":true}]}}