{"id":9296,"date":"2022-08-25T09:04:57","date_gmt":"2022-08-25T09:04:57","guid":{"rendered":"https:\/\/inpack.hu\/product\/nvv\/"},"modified":"2023-06-02T11:13:17","modified_gmt":"2023-06-02T11:13:17","slug":"nvv","status":"publish","type":"product","link":"https:\/\/inpack.hu\/ro\/product\/nvv\/","title":{"rendered":"Lance vibrante pneumatice NVV"},"content":{"rendered":"","protected":false},"excerpt":{"rendered":"<p>&nbsp;<\/p>\n<table style=\"border-collapse: collapse; width: 100%;\">\n<tbody>\n<tr>\n<td><strong>Lance vibrante pneumatice<\/strong><\/p>\n<ul>\n<li>Lance pneumatice dezvoltate pentru compactarea betonului<\/li>\n<li>Construc\u021bie robust\u0103 din pu\u021bine piese, pentru o durat\u0103 lung\u0103 de via\u021b\u0103<\/li>\n<li>Rotor f\u0103r\u0103 \u00eentre\u021binere<\/li>\n<li>Cu lubricant \u00eencorporat \u00een m\u00e2ner<\/li>\n<\/ul>\n<\/td>\n<td><a href=\"https:\/\/inpack.hu\/wp-content\/uploads\/2022\/08\/NVV_ENG.pdf\" target=\"_blank\" rel=\"noopener\"><img loading=\"lazy\" decoding=\"async\" class=\"alignnone wp-image-7174\" src=\"https:\/\/inpack.hu\/wp-content\/uploads\/2017\/06\/free-pdf-download-icon-2617-thumb.png\" alt=\"\" width=\"200\" height=\"200\" \/><\/a><\/td>\n<\/tr>\n<\/tbody>\n<\/table>\n","protected":false},"featured_media":0,"template":"","meta":[],"product_brand":[],"product_cat":[1376,999],"product_tag":[1420,1421,1422,1423,1424,1425,1426,1427,1428],"class_list":{"0":"post-9296","1":"product","2":"type-product","3":"status-publish","5":"product_cat-lance-vibratoare","6":"product_cat-vibratie-industirala","7":"product_tag-nvv-100-ro","8":"product_tag-nvv-150-ro","9":"product_tag-nvv-28-ro","10":"product_tag-nvv-35-ro","11":"product_tag-nvv-45-ro","12":"product_tag-nvv-55-ro","13":"product_tag-nvv-65-ro","14":"product_tag-nvv-75-ro","15":"product_tag-nvv-85-ro","17":"first","18":"instock","19":"shipping-taxable","20":"product-type-simple"},"_links":{"self":[{"href":"https:\/\/inpack.hu\/ro\/wp-json\/wp\/v2\/product\/9296","targetHints":{"allow":["GET"]}}],"collection":[{"href":"https:\/\/inpack.hu\/ro\/wp-json\/wp\/v2\/product"}],"about":[{"href":"https:\/\/inpack.hu\/ro\/wp-json\/wp\/v2\/types\/product"}],"wp:attachment":[{"href":"https:\/\/inpack.hu\/ro\/wp-json\/wp\/v2\/media?parent=9296"}],"wp:term":[{"taxonomy":"product_brand","embeddable":true,"href":"https:\/\/inpack.hu\/ro\/wp-json\/wp\/v2\/product_brand?post=9296"},{"taxonomy":"product_cat","embeddable":true,"href":"https:\/\/inpack.hu\/ro\/wp-json\/wp\/v2\/product_cat?post=9296"},{"taxonomy":"product_tag","embeddable":true,"href":"https:\/\/inpack.hu\/ro\/wp-json\/wp\/v2\/product_tag?post=9296"}],"curies":[{"name":"wp","href":"https:\/\/api.w.org\/{rel}","templated":true}]}}