{"id":9299,"date":"2022-08-25T08:49:28","date_gmt":"2022-08-25T08:49:28","guid":{"rendered":"https:\/\/inpack.hu\/product\/nes-neg-s\/"},"modified":"2023-04-12T13:19:38","modified_gmt":"2023-04-12T13:19:38","slug":"nes-neg-s","status":"publish","type":"product","link":"https:\/\/inpack.hu\/ro\/product\/nes-neg-s\/","title":{"rendered":"Vibromotor trifazat din inox NES &#038; NEG-S"},"content":{"rendered":"","protected":false},"excerpt":{"rendered":"<p>&nbsp;<\/p>\n<table style=\"border-collapse: collapse; width: 100%;\">\n<tbody>\n<tr>\n<td><strong>Vibratoare electrice trifazate din inox NES &amp; NEG-S<\/strong><\/p>\n<ul>\n<li>Func\u021bionare f\u0103r\u0103 \u00eentre\u021binere<\/li>\n<li>U\u0219or de cur\u0103\u021bat, rezistent la acizi<\/li>\n<li>Capace de contragreutate \u0219i carcas\u0103 din inox<\/li>\n<li>Direc\u021bia vibra\u021biei poate fi modificat pe baza cabl\u0103rii<\/li>\n<li>Protectie: IP66-7<\/li>\n<li>Disponibil \u00een versiune antiexplozie<\/li>\n<\/ul>\n<\/td>\n<td><a href=\"https:\/\/inpack.hu\/wp-content\/uploads\/2023\/02\/NES-NEG-S.pdf\" target=\"_blank\" rel=\"noopener\"><img loading=\"lazy\" decoding=\"async\" class=\"alignnone wp-image-7174\" src=\"https:\/\/inpack.hu\/wp-content\/uploads\/2017\/06\/free-pdf-download-icon-2617-thumb.png\" alt=\"\" width=\"200\" height=\"200\" \/><\/a><\/td>\n<\/tr>\n<\/tbody>\n<\/table>\n","protected":false},"featured_media":0,"template":"","meta":[],"product_brand":[],"product_cat":[999,1042],"product_tag":[1450,1451,1452,1453,1454,1455,1456,1457,1458,1459,1460,1461,1462,1463,1464,1465,1466,1467,1468,1469,1470,1471,1472,1473,1474],"class_list":{"0":"post-9299","1":"product","2":"type-product","3":"status-publish","5":"product_cat-vibratie-industirala","6":"product_cat-vibromotoare-electrice","7":"product_tag-nes-12100-ro","8":"product_tag-nes-12180-ro","9":"product_tag-nes-161130-ro","10":"product_tag-nes-161610-ro","11":"product_tag-nes-16190-ro","12":"product_tag-nes-1630-ro","13":"product_tag-nes-163030-ro","14":"product_tag-nes-16310-ro","15":"product_tag-nes-16810-ro","16":"product_tag-nes-1690-ro","17":"product_tag-nes-25100-ro","18":"product_tag-nes-251410-ro","19":"product_tag-nes-251800-ro","20":"product_tag-nes-25210-ro","21":"product_tag-nes-2530-ro","22":"product_tag-nes-25420-ro","23":"product_tag-nes-2570-ro","24":"product_tag-nes-25700-ro","25":"product_tag-nes-501140-ro","26":"product_tag-nes-50120-ro","27":"product_tag-nes-501540-ro","28":"product_tag-nes-50200-ro","29":"product_tag-nes-50300-ro","30":"product_tag-nes-50550-ro","31":"product_tag-nes-50770-ro","33":"first","34":"instock","35":"shipping-taxable","36":"product-type-simple"},"_links":{"self":[{"href":"https:\/\/inpack.hu\/ro\/wp-json\/wp\/v2\/product\/9299","targetHints":{"allow":["GET"]}}],"collection":[{"href":"https:\/\/inpack.hu\/ro\/wp-json\/wp\/v2\/product"}],"about":[{"href":"https:\/\/inpack.hu\/ro\/wp-json\/wp\/v2\/types\/product"}],"wp:attachment":[{"href":"https:\/\/inpack.hu\/ro\/wp-json\/wp\/v2\/media?parent=9299"}],"wp:term":[{"taxonomy":"product_brand","embeddable":true,"href":"https:\/\/inpack.hu\/ro\/wp-json\/wp\/v2\/product_brand?post=9299"},{"taxonomy":"product_cat","embeddable":true,"href":"https:\/\/inpack.hu\/ro\/wp-json\/wp\/v2\/product_cat?post=9299"},{"taxonomy":"product_tag","embeddable":true,"href":"https:\/\/inpack.hu\/ro\/wp-json\/wp\/v2\/product_tag?post=9299"}],"curies":[{"name":"wp","href":"https:\/\/api.w.org\/{rel}","templated":true}]}}