{"id":9300,"date":"2022-08-25T08:46:53","date_gmt":"2022-08-25T08:46:53","guid":{"rendered":"https:\/\/inpack.hu\/product\/ned\/"},"modified":"2023-04-12T13:13:51","modified_gmt":"2023-04-12T13:13:51","slug":"ned","status":"publish","type":"product","link":"https:\/\/inpack.hu\/ro\/product\/ned\/","title":{"rendered":"Vibromotor de curent continuu NED"},"content":{"rendered":"","protected":false},"excerpt":{"rendered":"<p>&nbsp;<\/p>\n<table style=\"border-collapse: collapse; width: 100%;\">\n<tbody>\n<tr>\n<td style=\"width: 62.9108%;\"><strong>Vibratoare electrice de curent continuu<\/strong><\/p>\n<ul>\n<li>Tensiune de alimentare: 12\/24V DC<\/li>\n<li>Func\u021bionare f\u0103r\u0103 \u00eentre\u021binere<\/li>\n<li>U\u0219or de cur\u0103\u021bat, suprafa\u021b\u0103 neted\u0103<\/li>\n<li>Capace de contragreutate din inox<\/li>\n<li>Protec\u021bie: IP66-8<\/li>\n<\/ul>\n<\/td>\n<td style=\"width: 37.0109%;\"><a href=\"https:\/\/inpack.hu\/wp-content\/uploads\/2023\/02\/NEA-NED.pdf\" target=\"_blank\" rel=\"noopener\"><img loading=\"lazy\" decoding=\"async\" class=\"alignnone wp-image-7174\" src=\"https:\/\/inpack.hu\/wp-content\/uploads\/2017\/06\/free-pdf-download-icon-2617-thumb.png\" alt=\"\" width=\"200\" height=\"200\" \/><\/a><\/td>\n<\/tr>\n<\/tbody>\n<\/table>\n","protected":false},"featured_media":0,"template":"","meta":[],"product_brand":[],"product_cat":[999,1042],"product_tag":[1475,1476,1477,1478,1479,1480,1481],"class_list":{"0":"post-9300","1":"product","2":"type-product","3":"status-publish","5":"product_cat-vibratie-industirala","6":"product_cat-vibromotoare-electrice","7":"product_tag-ned-50100-ro","8":"product_tag-ned-5016-ro","9":"product_tag-ned-50200-ro","10":"product_tag-ned-50500-ro","11":"product_tag-ned-601110-ro","12":"product_tag-ned-601510-ro","13":"product_tag-ned-605-ro","15":"first","16":"instock","17":"shipping-taxable","18":"product-type-simple"},"_links":{"self":[{"href":"https:\/\/inpack.hu\/ro\/wp-json\/wp\/v2\/product\/9300","targetHints":{"allow":["GET"]}}],"collection":[{"href":"https:\/\/inpack.hu\/ro\/wp-json\/wp\/v2\/product"}],"about":[{"href":"https:\/\/inpack.hu\/ro\/wp-json\/wp\/v2\/types\/product"}],"wp:attachment":[{"href":"https:\/\/inpack.hu\/ro\/wp-json\/wp\/v2\/media?parent=9300"}],"wp:term":[{"taxonomy":"product_brand","embeddable":true,"href":"https:\/\/inpack.hu\/ro\/wp-json\/wp\/v2\/product_brand?post=9300"},{"taxonomy":"product_cat","embeddable":true,"href":"https:\/\/inpack.hu\/ro\/wp-json\/wp\/v2\/product_cat?post=9300"},{"taxonomy":"product_tag","embeddable":true,"href":"https:\/\/inpack.hu\/ro\/wp-json\/wp\/v2\/product_tag?post=9300"}],"curies":[{"name":"wp","href":"https:\/\/api.w.org\/{rel}","templated":true}]}}