{"id":9301,"date":"2022-08-25T08:41:43","date_gmt":"2022-08-25T08:41:43","guid":{"rendered":"https:\/\/inpack.hu\/product\/nea\/"},"modified":"2023-04-12T13:17:55","modified_gmt":"2023-04-12T13:17:55","slug":"nea","status":"publish","type":"product","link":"https:\/\/inpack.hu\/ro\/product\/nea\/","title":{"rendered":"Vibromotor monofazat NEA"},"content":{"rendered":"","protected":false},"excerpt":{"rendered":"<p>&nbsp;<\/p>\n<table style=\"border-collapse: collapse; width: 100%;\">\n<tbody>\n<tr>\n<td style=\"width: 63.5368%;\"><strong>Vibratoare electrice monofazate<\/strong><\/p>\n<ul>\n<li>Tensiune de alimentare: 230V AC<\/li>\n<li>Func\u021bionare f\u0103r\u0103 \u00eentre\u021binere<\/li>\n<li>U\u0219or de cur\u0103\u021bat, suprafa\u021b\u0103 neted\u0103<\/li>\n<li>Capace de contragreutate din inox<\/li>\n<li>Protec\u021bie: IP66-8<\/li>\n<li>Direc\u021bia vibra\u021biei poate fi modificat pe baza cabl\u0103rii<\/li>\n<\/ul>\n<\/td>\n<td style=\"width: 36.385%;\"><a href=\"https:\/\/inpack.hu\/wp-content\/uploads\/2023\/02\/NEA-NED.pdf\" target=\"_blank\" rel=\"noopener\"><img loading=\"lazy\" decoding=\"async\" class=\"alignnone wp-image-7174\" src=\"https:\/\/inpack.hu\/wp-content\/uploads\/2017\/06\/free-pdf-download-icon-2617-thumb.png\" alt=\"\" width=\"200\" height=\"200\" \/><\/a><\/td>\n<\/tr>\n<\/tbody>\n<\/table>\n","protected":false},"featured_media":0,"template":"","meta":[],"product_brand":[],"product_cat":[999,1042],"product_tag":[1482,1483,1484,1485,1486,1487,1488,1489,1490,1491,1492,1493,1494,1495,1496],"class_list":{"0":"post-9301","1":"product","2":"type-product","3":"status-publish","5":"product_cat-vibratie-industirala","6":"product_cat-vibromotoare-electrice","7":"product_tag-nea-25210-ro","8":"product_tag-nea-2530-ro","9":"product_tag-nea-25420-ro","10":"product_tag-nea-25540-ro","11":"product_tag-nea-2570-ro","12":"product_tag-nea-25700-ro","13":"product_tag-nea-50120-ro","14":"product_tag-nea-5020-ro","15":"product_tag-nea-50200-ro","16":"product_tag-nea-50300-ro","17":"product_tag-nea-504-ro","18":"product_tag-nea-5050-ro","19":"product_tag-nea-50550-ro","20":"product_tag-nea-5060-ro","21":"product_tag-nea-50770-ro","23":"first","24":"instock","25":"shipping-taxable","26":"product-type-simple"},"_links":{"self":[{"href":"https:\/\/inpack.hu\/ro\/wp-json\/wp\/v2\/product\/9301","targetHints":{"allow":["GET"]}}],"collection":[{"href":"https:\/\/inpack.hu\/ro\/wp-json\/wp\/v2\/product"}],"about":[{"href":"https:\/\/inpack.hu\/ro\/wp-json\/wp\/v2\/types\/product"}],"wp:attachment":[{"href":"https:\/\/inpack.hu\/ro\/wp-json\/wp\/v2\/media?parent=9301"}],"wp:term":[{"taxonomy":"product_brand","embeddable":true,"href":"https:\/\/inpack.hu\/ro\/wp-json\/wp\/v2\/product_brand?post=9301"},{"taxonomy":"product_cat","embeddable":true,"href":"https:\/\/inpack.hu\/ro\/wp-json\/wp\/v2\/product_cat?post=9301"},{"taxonomy":"product_tag","embeddable":true,"href":"https:\/\/inpack.hu\/ro\/wp-json\/wp\/v2\/product_tag?post=9301"}],"curies":[{"name":"wp","href":"https:\/\/api.w.org\/{rel}","templated":true}]}}