{"id":9302,"date":"2022-08-25T08:37:17","date_gmt":"2022-08-25T08:37:17","guid":{"rendered":"https:\/\/inpack.hu\/product\/neg\/"},"modified":"2023-04-12T13:13:06","modified_gmt":"2023-04-12T13:13:06","slug":"neg","status":"publish","type":"product","link":"https:\/\/inpack.hu\/ro\/product\/neg\/","title":{"rendered":"Vibromotor trifazat NEG"},"content":{"rendered":"","protected":false},"excerpt":{"rendered":"<p>&nbsp;<\/p>\n<table style=\"border-collapse: collapse; width: 100%;\">\n<tbody>\n<tr>\n<td style=\"width: 63.302%;\"><strong>Vibratoare electrice trifazate<\/strong><\/p>\n<ul>\n<li>Tensiune de alimentare:\u00a0230\/400V 50\/60Hz<\/li>\n<li>Func\u021bionare f\u0103r\u0103 \u00eentre\u021binere<\/li>\n<li>U\u0219or de cur\u0103\u021bat, suprafa\u021b\u0103 neted\u0103<\/li>\n<li>Capace de contragreutate din inox<\/li>\n<li>Direc\u021bia vibra\u021biei poate fi modificat pe baza cabl\u0103rii<\/li>\n<li>Disponibil \u00een versiune inox \u0219i ATEX<\/li>\n<li>Protec\u021bie: IP66-7<\/li>\n<li>Protec\u021bie: ATEX II 2\/3GD Ex tb IIIC Db T100\u00b0 &#8211; 135\u00b0C \u00een func\u021bie de tip<\/li>\n<\/ul>\n<\/td>\n<td style=\"width: 36.6197%;\"><a href=\"https:\/\/inpack.hu\/wp-content\/uploads\/2023\/02\/NEG.pdf\" target=\"_blank\" rel=\"noopener\"><img loading=\"lazy\" decoding=\"async\" class=\"alignnone wp-image-7174\" src=\"https:\/\/inpack.hu\/wp-content\/uploads\/2017\/06\/free-pdf-download-icon-2617-thumb.png\" alt=\"\" width=\"200\" height=\"200\" \/><\/a><\/td>\n<\/tr>\n<\/tbody>\n<\/table>\n","protected":false},"featured_media":0,"template":"","meta":[],"product_brand":[],"product_cat":[999,1042],"product_tag":[1497,1498,1499,1500,1501,1502,1503,1504,1505,1506,1507,1508,1509,1510,1511,1512,1513,1514,1515,1516,1517,1518,1519,1520,1521,1522,1523,1524,1525,1526,1527,1528,1529,1530,1531,1532,1533,1534,1535,1536,1537,1538,1539,1540,1541,1542,1543,1544,1545,1546,1547,1548,1549,1550,1551,1552,1553,1554,1555,1556,1557,1558,1559,1560,1561,1562,1563,1564,1565,1566,1567,1568,1569,1570,1571,1572,1573,1574],"class_list":{"0":"post-9302","1":"product","2":"type-product","3":"status-publish","5":"product_cat-vibratie-industirala","6":"product_cat-vibromotoare-electrice","7":"product_tag-neg-12100-ro","8":"product_tag-neg-1211070-ro","9":"product_tag-neg-1213160-ro","10":"product_tag-neg-121430-ro","11":"product_tag-neg-1217670-ro","12":"product_tag-neg-12180-ro","13":"product_tag-neg-122150-ro","14":"product_tag-neg-12230-ro","15":"product_tag-neg-122640-ro","16":"product_tag-neg-122920-ro","17":"product_tag-neg-123530-ro","18":"product_tag-neg-124440-ro","19":"product_tag-neg-12460-ro","20":"product_tag-neg-12640-ro","21":"product_tag-neg-127640-ro","22":"product_tag-neg-128520-ro","23":"product_tag-neg-12900-ro","24":"product_tag-neg-161130-ro","25":"product_tag-neg-1612060-ro","26":"product_tag-neg-1613890-ro","27":"product_tag-neg-161420-ro","28":"product_tag-neg-161610-ro","29":"product_tag-neg-1617000-ro","30":"product_tag-neg-16190-ro","31":"product_tag-neg-162110-ro","32":"product_tag-neg-162550-ro","33":"product_tag-neg-1630-ro","34":"product_tag-neg-163030-ro","35":"product_tag-neg-16310-ro","36":"product_tag-neg-163820-ro","37":"product_tag-neg-16410-ro","38":"product_tag-neg-164700-ro","39":"product_tag-neg-16500-ro","40":"product_tag-neg-165190-ro","41":"product_tag-neg-166270-ro","42":"product_tag-neg-166670-ro","43":"product_tag-neg-167890-ro","44":"product_tag-neg-16810-ro","45":"product_tag-neg-168500-ro","46":"product_tag-neg-169510-ro","47":"product_tag-neg-2511210-ro","48":"product_tag-neg-2513850-ro","49":"product_tag-neg-251410-ro","50":"product_tag-neg-251800-ro","51":"product_tag-neg-252060-ro","52":"product_tag-neg-25210-ro","53":"product_tag-neg-252370-ro","54":"product_tag-neg-2530-ro","55":"product_tag-neg-253050-ro","56":"product_tag-neg-253720-ro","57":"product_tag-neg-25420-ro","58":"product_tag-neg-254310-ro","59":"product_tag-neg-254900-ro","60":"product_tag-neg-25540-ro","61":"product_tag-neg-256460-ro","62":"product_tag-neg-2570-ro","63":"product_tag-neg-25700-ro","64":"product_tag-neg-258040-ro","65":"product_tag-neg-258260-ro","66":"product_tag-neg-25930-ro","67":"product_tag-neg-501140-ro","68":"product_tag-neg-50120-ro","69":"product_tag-neg-501540-ro","70":"product_tag-neg-501800-ro","71":"product_tag-neg-5020-ro","72":"product_tag-neg-50200-ro","73":"product_tag-neg-502020-ro","74":"product_tag-neg-502270-ro","75":"product_tag-neg-50300-ro","76":"product_tag-neg-503400-ro","77":"product_tag-neg-503820-ro","78":"product_tag-neg-5050-ro","79":"product_tag-neg-505002-ro","80":"product_tag-neg-50550-ro","81":"product_tag-neg-5060-ro","82":"product_tag-neg-506220-ro","83":"product_tag-neg-50770-ro","84":"product_tag-neg-508830-ro","86":"first","87":"instock","88":"shipping-taxable","89":"product-type-simple"},"_links":{"self":[{"href":"https:\/\/inpack.hu\/ro\/wp-json\/wp\/v2\/product\/9302","targetHints":{"allow":["GET"]}}],"collection":[{"href":"https:\/\/inpack.hu\/ro\/wp-json\/wp\/v2\/product"}],"about":[{"href":"https:\/\/inpack.hu\/ro\/wp-json\/wp\/v2\/types\/product"}],"wp:attachment":[{"href":"https:\/\/inpack.hu\/ro\/wp-json\/wp\/v2\/media?parent=9302"}],"wp:term":[{"taxonomy":"product_brand","embeddable":true,"href":"https:\/\/inpack.hu\/ro\/wp-json\/wp\/v2\/product_brand?post=9302"},{"taxonomy":"product_cat","embeddable":true,"href":"https:\/\/inpack.hu\/ro\/wp-json\/wp\/v2\/product_cat?post=9302"},{"taxonomy":"product_tag","embeddable":true,"href":"https:\/\/inpack.hu\/ro\/wp-json\/wp\/v2\/product_tag?post=9302"}],"curies":[{"name":"wp","href":"https:\/\/api.w.org\/{rel}","templated":true}]}}