{"id":9305,"date":"2022-08-25T08:27:31","date_gmt":"2022-08-25T08:27:31","guid":{"rendered":"https:\/\/inpack.hu\/product\/ncr\/"},"modified":"2023-04-12T08:01:41","modified_gmt":"2023-04-12T08:01:41","slug":"ncr","status":"publish","type":"product","link":"https:\/\/inpack.hu\/ro\/product\/ncr\/","title":{"rendered":"Vibromotor cu rol\u0103 NCR"},"content":{"rendered":"","protected":false},"excerpt":{"rendered":"<p>&nbsp;<\/p>\n<table style=\"border-collapse: collapse; width: 100%;\">\n<tbody>\n<tr>\n<td><strong>Vibromotor pneumatic centrifugal cu rol\u0103<\/strong><\/p>\n<ul>\n<li>Vibra\u021bie centrifugal\u0103<\/li>\n<li>Frecven\u021ba nominal\u0103: 10.140 &#8211; 34.304 RPM<\/li>\n<li>For\u021ba centrifugal\u0103: 878 &#8211; 9.100 N<\/li>\n<li>Frecven\u021b\u0103 reglabil\u0103 cu presiunea aerului<\/li>\n<li>Temperatur\u0103 de func\u021bionare: -20\u00b0C \u2013 +120\u00b0C<\/li>\n<li>Disponibil \u00een versiune de temperatur\u0103 \u00eenalt\u0103 (+200\u00b0C)<\/li>\n<\/ul>\n<\/td>\n<td><a href=\"https:\/\/inpack.hu\/wp-content\/uploads\/2022\/08\/NCB_ENG.pdf\" target=\"_blank\" rel=\"noopener\"><img loading=\"lazy\" decoding=\"async\" class=\"alignnone wp-image-7174\" src=\"https:\/\/inpack.hu\/wp-content\/uploads\/2017\/06\/free-pdf-download-icon-2617-thumb.png\" alt=\"\" width=\"200\" height=\"200\" \/><\/a><\/td>\n<\/tr>\n<\/tbody>\n<\/table>\n","protected":false},"featured_media":0,"template":"","meta":[],"product_brand":[],"product_cat":[999,1575],"product_tag":[1592,1594,1596,1598,1600],"class_list":{"0":"post-9305","1":"product","2":"type-product","3":"status-publish","5":"product_cat-vibratie-industirala","6":"product_cat-vibromotoare-pneumatice","7":"product_tag-ncr-10-ro","8":"product_tag-ncr-120-ro","9":"product_tag-ncr-22-ro","10":"product_tag-ncr-3-ro","11":"product_tag-ncr-57-ro","13":"first","14":"instock","15":"shipping-taxable","16":"product-type-simple"},"_links":{"self":[{"href":"https:\/\/inpack.hu\/ro\/wp-json\/wp\/v2\/product\/9305","targetHints":{"allow":["GET"]}}],"collection":[{"href":"https:\/\/inpack.hu\/ro\/wp-json\/wp\/v2\/product"}],"about":[{"href":"https:\/\/inpack.hu\/ro\/wp-json\/wp\/v2\/types\/product"}],"wp:attachment":[{"href":"https:\/\/inpack.hu\/ro\/wp-json\/wp\/v2\/media?parent=9305"}],"wp:term":[{"taxonomy":"product_brand","embeddable":true,"href":"https:\/\/inpack.hu\/ro\/wp-json\/wp\/v2\/product_brand?post=9305"},{"taxonomy":"product_cat","embeddable":true,"href":"https:\/\/inpack.hu\/ro\/wp-json\/wp\/v2\/product_cat?post=9305"},{"taxonomy":"product_tag","embeddable":true,"href":"https:\/\/inpack.hu\/ro\/wp-json\/wp\/v2\/product_tag?post=9305"}],"curies":[{"name":"wp","href":"https:\/\/api.w.org\/{rel}","templated":true}]}}