{"id":9306,"date":"2022-08-25T08:16:14","date_gmt":"2022-08-25T08:16:14","guid":{"rendered":"https:\/\/inpack.hu\/product\/ncb\/"},"modified":"2023-04-12T08:00:47","modified_gmt":"2023-04-12T08:00:47","slug":"ncb","status":"publish","type":"product","link":"https:\/\/inpack.hu\/ro\/product\/ncb\/","title":{"rendered":"Vibromotor cu bil\u0103 NCB"},"content":{"rendered":"","protected":false},"excerpt":{"rendered":"<p>&nbsp;<\/p>\n<table style=\"border-collapse: collapse; width: 100%;\">\n<tbody>\n<tr>\n<td><strong>Vibromotor pneumatic centrifugal cu bil\u0103 <\/strong><\/p>\n<ul>\n<li>Vibra\u021bie centrifugal\u0103<\/li>\n<li>Frecven\u021ba nominal\u0103: 7.200 &#8211; 42.340 RPM<\/li>\n<li>For\u021ba centrifugal\u0103: 222 &#8211; 4.866 N<\/li>\n<li>Frecven\u021b\u0103 reglabil\u0103 cu presiunea aerului<\/li>\n<li>Temperatur\u0103 de func\u021bionare: -20\u00b0C p\u00e2n\u0103 la +120\u00b0C<\/li>\n<li>Disponibil \u00een versiune de temperatur\u0103 \u00eenalt\u0103 (+200\u00b0C)<\/li>\n<\/ul>\n<\/td>\n<td><a href=\"https:\/\/inpack.hu\/wp-content\/uploads\/2022\/08\/NCB_ENG.pdf\" target=\"_blank\" rel=\"noopener\"><img loading=\"lazy\" decoding=\"async\" class=\"alignnone wp-image-7174\" src=\"https:\/\/inpack.hu\/wp-content\/uploads\/2017\/06\/free-pdf-download-icon-2617-thumb.png\" alt=\"\" width=\"200\" height=\"200\" \/><\/a><\/td>\n<\/tr>\n<\/tbody>\n<\/table>\n","protected":false},"featured_media":0,"template":"","meta":[],"product_brand":[],"product_cat":[999,1575],"product_tag":[1642,1643,1644,1645,1646,1647,1648,1649],"class_list":{"0":"post-9306","1":"product","2":"type-product","3":"status-publish","5":"product_cat-vibratie-industirala","6":"product_cat-vibromotoare-pneumatice","7":"product_tag-ncb-1-ro","8":"product_tag-ncb-10-ro","9":"product_tag-ncb-2-ro","10":"product_tag-ncb-20-ro","11":"product_tag-ncb-3-ro","12":"product_tag-ncb-5-ro","13":"product_tag-ncb-50-ro","14":"product_tag-ncb-70-ro","16":"first","17":"instock","18":"shipping-taxable","19":"product-type-simple"},"_links":{"self":[{"href":"https:\/\/inpack.hu\/ro\/wp-json\/wp\/v2\/product\/9306","targetHints":{"allow":["GET"]}}],"collection":[{"href":"https:\/\/inpack.hu\/ro\/wp-json\/wp\/v2\/product"}],"about":[{"href":"https:\/\/inpack.hu\/ro\/wp-json\/wp\/v2\/types\/product"}],"wp:attachment":[{"href":"https:\/\/inpack.hu\/ro\/wp-json\/wp\/v2\/media?parent=9306"}],"wp:term":[{"taxonomy":"product_brand","embeddable":true,"href":"https:\/\/inpack.hu\/ro\/wp-json\/wp\/v2\/product_brand?post=9306"},{"taxonomy":"product_cat","embeddable":true,"href":"https:\/\/inpack.hu\/ro\/wp-json\/wp\/v2\/product_cat?post=9306"},{"taxonomy":"product_tag","embeddable":true,"href":"https:\/\/inpack.hu\/ro\/wp-json\/wp\/v2\/product_tag?post=9306"}],"curies":[{"name":"wp","href":"https:\/\/api.w.org\/{rel}","templated":true}]}}